{"id":6190,"date":"2026-03-07T16:31:45","date_gmt":"2026-03-07T16:31:45","guid":{"rendered":"https:\/\/hwcommunity.com\/?page_id=6190"},"modified":"2026-03-10T13:53:46","modified_gmt":"2026-03-10T13:53:46","slug":"notre-approche-2","status":"publish","type":"page","link":"https:\/\/hwcommunity.com\/en\/notre-approche-2\/","title":{"rendered":"Notre Portefeuille"},"content":{"rendered":"\t\t<div data-elementor-type=\"wp-page\" data-elementor-id=\"6190\" class=\"elementor elementor-6190\" data-elementor-post-type=\"page\">\n\t\t\t\t<div class=\"elementor-element elementor-element-3ec7405 e-con-full e-flex e-con e-parent\" data-id=\"3ec7405\" data-element_type=\"container\" data-e-type=\"container\" data-settings=\"{&quot;background_background&quot;:&quot;classic&quot;}\">\n\t\t\t\t<div class=\"elementor-element elementor-element-29d509f elementor-widget__width-initial glass-title animated-slow elementor-invisible elementor-widget elementor-widget-heading\" data-id=\"29d509f\" data-element_type=\"widget\" data-e-type=\"widget\" data-settings=\"{&quot;_animation&quot;:&quot;fadeInUp&quot;}\" data-widget_type=\"heading.default\">\n\t\t\t\t\t<h2 class=\"elementor-heading-title elementor-size-default\">Strat\u00e9gies op\u00e9rationnelles et \n<b> cr\u00e9ation de valeur\n<\/h2>\t\t\t\t<\/div>\n\t\t\t\t<div class=\"elementor-element elementor-element-b8db530 elementor-widget__width-inherit animated-slow elementor-invisible elementor-widget elementor-widget-text-editor\" data-id=\"b8db530\" data-element_type=\"widget\" data-e-type=\"widget\" data-settings=\"{&quot;_animation&quot;:&quot;fadeInUp&quot;,&quot;_animation_delay&quot;:1000}\" data-widget_type=\"text-editor.default\">\n\t\t\t\t\t\t\t\t\tDe la structuration financi\u00e8re au pilotage de la donn\u00e9e, nos actifs concr\u00e9tisent le mod\u00e8le All-in-One. Nous maximisons la valeur en transformant chaque usage en un rendement s\u00e9curis\u00e9, p\u00e9renne et transparent.\t\t\t\t\t\t\t\t<\/div>\n\t\t\t\t<\/div>\n\t\t<div class=\"elementor-element elementor-element-db82b7b e-flex e-con-boxed e-con e-parent\" data-id=\"db82b7b\" data-element_type=\"container\" data-e-type=\"container\">\n\t\t\t\t\t<div class=\"e-con-inner\">\n\t\t\t\t<div class=\"elementor-element elementor-element-b2e1662 elementor-widget elementor-widget-html\" data-id=\"b2e1662\" data-element_type=\"widget\" data-e-type=\"widget\" data-widget_type=\"html.default\">\n\t\t\t\t\t<style>\r\n.clickable-container{\r\ncursor:pointer;\r\n}\r\n<\/style>\r\n\r\n<script>\r\ndocument.addEventListener(\"DOMContentLoaded\", function () {\r\ndocument.querySelectorAll(\".clickable-container[data-link]\").forEach(function(container){\r\n\r\ncontainer.addEventListener(\"click\", function(e){\r\nif(e.target.closest(\"a, button\")) return;\r\n\r\nconst link = container.dataset.link;\r\nif(link){\r\nwindow.location.href = link;\r\n}\r\n});\r\n\r\ncontainer.addEventListener(\"keydown\", function(e){\r\nif(e.key === \"Enter\" || e.key === \" \"){\r\ne.preventDefault();\r\nconst link = container.dataset.link;\r\nif(link){\r\nwindow.location.href = link;\r\n}\r\n}\r\n});\r\n\r\nif(!container.hasAttribute(\"tabindex\")){\r\ncontainer.setAttribute(\"tabindex\", \"0\");\r\n}\r\nif(!container.hasAttribute(\"role\")){\r\ncontainer.setAttribute(\"role\", \"link\");\r\n}\r\n\r\n});\r\n});\r\n<\/script>\t\t\t\t<\/div>\n\t\t\t\t\t<\/div>\n\t\t\t\t<\/div>\n\t\t<div class=\"elementor-element elementor-element-4d9e4d4 e-grid e-con-full e-con e-parent\" data-id=\"4d9e4d4\" data-element_type=\"container\" data-e-type=\"container\">\n\t\t<div class=\"elementor-element elementor-element-549509b e-con-full clickable-container e-flex e-con e-child\" data-id=\"549509b\" data-element_type=\"container\" data-e-type=\"container\" data-settings=\"{&quot;background_background&quot;:&quot;classic&quot;}\" data-link=\"https:\/\/hwcommunity.com\/espace-de-coworking-a-clichy\">\n\t\t\t\t<div class=\"elementor-element elementor-element-bf90dac elementor-position-inline-start elementor-mobile-position-inline-start elementor-widget-mobile__width-initial elementor-view-default elementor-widget elementor-widget-icon-box\" data-id=\"bf90dac\" data-element_type=\"widget\" data-e-type=\"widget\" data-widget_type=\"icon-box.default\">\n\t\t\t\t\t\t\t<div class=\"elementor-icon-box-wrapper\">\n\n\t\t\t\t\t\t<div class=\"elementor-icon-box-icon\">\n\t\t\t\t<span  class=\"elementor-icon\">\n\t\t\t\t<svg aria-hidden=\"true\" class=\"e-font-icon-svg e-fas-map-pin\" viewBox=\"0 0 288 512\" xmlns=\"http:\/\/www.w3.org\/2000\/svg\"><path d=\"M112 316.94v156.69l22.02 33.02c4.75 7.12 15.22 7.12 19.97 0L176 473.63V316.94c-10.39 1.92-21.06 3.06-32 3.06s-21.61-1.14-32-3.06zM144 0C64.47 0 0 64.47 0 144s64.47 144 144 144 144-64.47 144-144S223.53 0 144 0zm0 76c-37.5 0-68 30.5-68 68 0 6.62-5.38 12-12 12s-12-5.38-12-12c0-50.73 41.28-92 92-92 6.62 0 12 5.38 12 12s-5.38 12-12 12z\"><\/path><\/svg>\t\t\t\t<\/span>\n\t\t\t<\/div>\n\t\t\t\n\t\t\t\t\t\t<div class=\"elementor-icon-box-content\">\n\n\t\t\t\t\t\t\t\t\t<h3 class=\"elementor-icon-box-title\">\n\t\t\t\t\t\t<span  >\n\t\t\t\t\t\t\tClichy\t\t\t\t\t\t<\/span>\n\t\t\t\t\t<\/h3>\n\t\t\t\t\n\t\t\t\t\n\t\t\t<\/div>\n\t\t\t\n\t\t<\/div>\n\t\t\t\t\t\t<\/div>\n\t\t\t\t<div class=\"elementor-element elementor-element-c154c0d elementor-widget__width-inherit elementor-widget elementor-widget-heading\" data-id=\"c154c0d\" data-element_type=\"widget\" data-e-type=\"widget\" data-widget_type=\"heading.default\">\n\t\t\t\t\t<h2 class=\"elementor-heading-title elementor-size-default\">IMMEUBLE DE BUREAU \u00c0 CLICHY\n<\/h2>\t\t\t\t<\/div>\n\t\t\t\t<div class=\"elementor-element elementor-element-b63ff30 elementor-widget__width-auto elementor-align-left js-reveal-btn elementor-widget elementor-widget-button\" data-id=\"b63ff30\" data-element_type=\"widget\" data-e-type=\"widget\" data-widget_type=\"button.default\">\n\t\t\t\t\t\t\t\t\t\t<a class=\"elementor-button elementor-button-link elementor-size-sm\" href=\"#\">\n\t\t\t\t\t\t<span class=\"elementor-button-content-wrapper\">\n\t\t\t\t\t\t\t\t\t<span class=\"elementor-button-text\">Bureau<\/span>\n\t\t\t\t\t<\/span>\n\t\t\t\t\t<\/a>\n\t\t\t\t\t\t\t\t<\/div>\n\t\t\t\t<div class=\"elementor-element elementor-element-7006de6 elementor-widget__width-auto elementor-align-left js-reveal-btn elementor-widget elementor-widget-button\" data-id=\"7006de6\" data-element_type=\"widget\" data-e-type=\"widget\" data-widget_type=\"button.default\">\n\t\t\t\t\t\t\t\t\t\t<a class=\"elementor-button elementor-button-link elementor-size-sm\" href=\"#\">\n\t\t\t\t\t\t<span class=\"elementor-button-content-wrapper\">\n\t\t\t\t\t\t\t\t\t<span class=\"elementor-button-text\">23 000 m\u00b2<\/span>\n\t\t\t\t\t<\/span>\n\t\t\t\t\t<\/a>\n\t\t\t\t\t\t\t\t<\/div>\n\t\t\t\t<\/div>\n\t\t<div class=\"elementor-element elementor-element-91163b8 e-con-full clickable-container e-flex e-con e-child\" data-id=\"91163b8\" data-element_type=\"container\" data-e-type=\"container\" data-settings=\"{&quot;background_background&quot;:&quot;classic&quot;}\" data-link=\"https:\/\/hwcommunity.com\/clinique-privee-a-perigueux\/\">\n\t\t\t\t<div class=\"elementor-element elementor-element-57dac34 elementor-position-inline-start elementor-mobile-position-inline-start elementor-widget-mobile__width-initial elementor-view-default elementor-widget elementor-widget-icon-box\" data-id=\"57dac34\" data-element_type=\"widget\" data-e-type=\"widget\" data-widget_type=\"icon-box.default\">\n\t\t\t\t\t\t\t<div class=\"elementor-icon-box-wrapper\">\n\n\t\t\t\t\t\t<div class=\"elementor-icon-box-icon\">\n\t\t\t\t<span  class=\"elementor-icon\">\n\t\t\t\t<svg aria-hidden=\"true\" class=\"e-font-icon-svg e-fas-map-pin\" viewBox=\"0 0 288 512\" xmlns=\"http:\/\/www.w3.org\/2000\/svg\"><path d=\"M112 316.94v156.69l22.02 33.02c4.75 7.12 15.22 7.12 19.97 0L176 473.63V316.94c-10.39 1.92-21.06 3.06-32 3.06s-21.61-1.14-32-3.06zM144 0C64.47 0 0 64.47 0 144s64.47 144 144 144 144-64.47 144-144S223.53 0 144 0zm0 76c-37.5 0-68 30.5-68 68 0 6.62-5.38 12-12 12s-12-5.38-12-12c0-50.73 41.28-92 92-92 6.62 0 12 5.38 12 12s-5.38 12-12 12z\"><\/path><\/svg>\t\t\t\t<\/span>\n\t\t\t<\/div>\n\t\t\t\n\t\t\t\t\t\t<div class=\"elementor-icon-box-content\">\n\n\t\t\t\t\t\t\t\t\t<h3 class=\"elementor-icon-box-title\">\n\t\t\t\t\t\t<span  >\n\t\t\t\t\t\t\tP\u00e9rigueux\t\t\t\t\t\t<\/span>\n\t\t\t\t\t<\/h3>\n\t\t\t\t\n\t\t\t\t\n\t\t\t<\/div>\n\t\t\t\n\t\t<\/div>\n\t\t\t\t\t\t<\/div>\n\t\t\t\t<div class=\"elementor-element elementor-element-7460d46 elementor-widget__width-inherit elementor-widget elementor-widget-heading\" data-id=\"7460d46\" data-element_type=\"widget\" data-e-type=\"widget\" data-widget_type=\"heading.default\">\n\t\t\t\t\t<h2 class=\"elementor-heading-title elementor-size-default\">CLINIQUE PRIV\u00c9E \u00c0 P\u00c9RIGUEUX<\/h2>\t\t\t\t<\/div>\n\t\t\t\t<div class=\"elementor-element elementor-element-fa40723 elementor-widget__width-auto elementor-align-left js-reveal-btn elementor-widget elementor-widget-button\" data-id=\"fa40723\" data-element_type=\"widget\" data-e-type=\"widget\" data-widget_type=\"button.default\">\n\t\t\t\t\t\t\t\t\t\t<a class=\"elementor-button elementor-button-link elementor-size-sm\" href=\"#\">\n\t\t\t\t\t\t<span class=\"elementor-button-content-wrapper\">\n\t\t\t\t\t\t\t\t\t<span class=\"elementor-button-text\">Clinique<\/span>\n\t\t\t\t\t<\/span>\n\t\t\t\t\t<\/a>\n\t\t\t\t\t\t\t\t<\/div>\n\t\t\t\t<div class=\"elementor-element elementor-element-b17a5b6 elementor-widget__width-auto elementor-align-left js-reveal-btn elementor-widget elementor-widget-button\" data-id=\"b17a5b6\" data-element_type=\"widget\" data-e-type=\"widget\" data-widget_type=\"button.default\">\n\t\t\t\t\t\t\t\t\t\t<a class=\"elementor-button elementor-button-link elementor-size-sm\" href=\"#\">\n\t\t\t\t\t\t<span class=\"elementor-button-content-wrapper\">\n\t\t\t\t\t\t\t\t\t<span class=\"elementor-button-text\">10 000 m\u00b2<\/span>\n\t\t\t\t\t<\/span>\n\t\t\t\t\t<\/a>\n\t\t\t\t\t\t\t\t<\/div>\n\t\t\t\t<\/div>\n\t\t<div class=\"elementor-element elementor-element-f2ced1b e-con-full clickable-container e-flex e-con e-child\" data-id=\"f2ced1b\" data-element_type=\"container\" data-e-type=\"container\" data-settings=\"{&quot;background_background&quot;:&quot;classic&quot;}\" data-link=\"https:\/\/tonlien.com\">\n\t\t\t\t<div class=\"elementor-element elementor-element-dc84330 elementor-position-inline-start elementor-mobile-position-inline-start elementor-widget-mobile__width-initial elementor-view-default elementor-widget elementor-widget-icon-box\" data-id=\"dc84330\" data-element_type=\"widget\" data-e-type=\"widget\" data-widget_type=\"icon-box.default\">\n\t\t\t\t\t\t\t<div class=\"elementor-icon-box-wrapper\">\n\n\t\t\t\t\t\t<div class=\"elementor-icon-box-icon\">\n\t\t\t\t<span  class=\"elementor-icon\">\n\t\t\t\t<svg aria-hidden=\"true\" class=\"e-font-icon-svg e-fas-map-pin\" viewBox=\"0 0 288 512\" xmlns=\"http:\/\/www.w3.org\/2000\/svg\"><path d=\"M112 316.94v156.69l22.02 33.02c4.75 7.12 15.22 7.12 19.97 0L176 473.63V316.94c-10.39 1.92-21.06 3.06-32 3.06s-21.61-1.14-32-3.06zM144 0C64.47 0 0 64.47 0 144s64.47 144 144 144 144-64.47 144-144S223.53 0 144 0zm0 76c-37.5 0-68 30.5-68 68 0 6.62-5.38 12-12 12s-12-5.38-12-12c0-50.73 41.28-92 92-92 6.62 0 12 5.38 12 12s-5.38 12-12 12z\"><\/path><\/svg>\t\t\t\t<\/span>\n\t\t\t<\/div>\n\t\t\t\n\t\t\t\t\t\t<div class=\"elementor-icon-box-content\">\n\n\t\t\t\t\t\t\t\t\t<h3 class=\"elementor-icon-box-title\">\n\t\t\t\t\t\t<span  >\n\t\t\t\t\t\t\tOrly, Essonne\t\t\t\t\t\t<\/span>\n\t\t\t\t\t<\/h3>\n\t\t\t\t\n\t\t\t\t\n\t\t\t<\/div>\n\t\t\t\n\t\t<\/div>\n\t\t\t\t\t\t<\/div>\n\t\t\t\t<div class=\"elementor-element elementor-element-d937d1d elementor-widget__width-inherit elementor-widget elementor-widget-heading\" data-id=\"d937d1d\" data-element_type=\"widget\" data-e-type=\"widget\" data-widget_type=\"heading.default\">\n\t\t\t\t\t<h2 class=\"elementor-heading-title elementor-size-default\">BUREAU \/ R\u00e9sidence \u00e9tudiante \u00c0 ORLY<\/h2>\t\t\t\t<\/div>\n\t\t\t\t<div class=\"elementor-element elementor-element-98b4089 elementor-widget__width-auto elementor-align-left js-reveal-btn elementor-widget elementor-widget-button\" data-id=\"98b4089\" data-element_type=\"widget\" data-e-type=\"widget\" data-widget_type=\"button.default\">\n\t\t\t\t\t\t\t\t\t\t<a class=\"elementor-button elementor-button-link elementor-size-sm\" href=\"#\">\n\t\t\t\t\t\t<span class=\"elementor-button-content-wrapper\">\n\t\t\t\t\t\t\t\t\t<span class=\"elementor-button-text\">Multi-usage<\/span>\n\t\t\t\t\t<\/span>\n\t\t\t\t\t<\/a>\n\t\t\t\t\t\t\t\t<\/div>\n\t\t\t\t<div class=\"elementor-element elementor-element-fde5c0e elementor-widget__width-auto elementor-align-left js-reveal-btn elementor-widget elementor-widget-button\" data-id=\"fde5c0e\" data-element_type=\"widget\" data-e-type=\"widget\" data-widget_type=\"button.default\">\n\t\t\t\t\t\t\t\t\t\t<a class=\"elementor-button elementor-button-link elementor-size-sm\" href=\"#\">\n\t\t\t\t\t\t<span class=\"elementor-button-content-wrapper\">\n\t\t\t\t\t\t\t\t\t<span class=\"elementor-button-text\">2 583 m\u00b2<\/span>\n\t\t\t\t\t<\/span>\n\t\t\t\t\t<\/a>\n\t\t\t\t\t\t\t\t<\/div>\n\t\t\t\t<\/div>\n\t\t\t\t<\/div>\n\t\t\t\t<\/div>\n\t\t","protected":false},"excerpt":{"rendered":"<p>Strat\u00e9gies op\u00e9rationnelles et cr\u00e9ation de valeur De la structuration financi\u00e8re au pilotage de la donn\u00e9e, nos actifs concr\u00e9tisent le mod\u00e8le All-in-One. Nous maximisons la valeur en transformant chaque usage en un rendement s\u00e9curis\u00e9, p\u00e9renne et transparent. Clichy IMMEUBLE DE BUREAU \u00c0 CLICHY Bureau 23 000 m\u00b2 P\u00e9rigueux CLINIQUE PRIV\u00c9E \u00c0 P\u00c9RIGUEUX Clinique 10 000 m\u00b2 [&hellip;]<\/p>\n","protected":false},"author":1,"featured_media":0,"parent":0,"menu_order":0,"comment_status":"closed","ping_status":"closed","template":"elementor_header_footer","meta":{"footnotes":""},"class_list":["post-6190","page","type-page","status-publish","hentry"],"yoast_head":"<!-- This site is optimized with the Yoast SEO plugin v27.5 - https:\/\/yoast.com\/product\/yoast-seo-wordpress\/ -->\n<title>Notre Portefeuille - hwcommunity.com<\/title>\n<meta name=\"robots\" content=\"index, follow, max-snippet:-1, max-image-preview:large, max-video-preview:-1\" \/>\n<link rel=\"canonical\" href=\"https:\/\/hwcommunity.com\/en\/notre-approche-2\/\" \/>\n<meta property=\"og:locale\" content=\"en_GB\" \/>\n<meta property=\"og:type\" content=\"article\" \/>\n<meta property=\"og:title\" content=\"Notre Portefeuille - hwcommunity.com\" \/>\n<meta property=\"og:description\" content=\"Strat\u00e9gies op\u00e9rationnelles et cr\u00e9ation de valeur De la structuration financi\u00e8re au pilotage de la donn\u00e9e, nos actifs concr\u00e9tisent le mod\u00e8le All-in-One. Nous maximisons la valeur en transformant chaque usage en un rendement s\u00e9curis\u00e9, p\u00e9renne et transparent. Clichy IMMEUBLE DE BUREAU \u00c0 CLICHY Bureau 23 000 m\u00b2 P\u00e9rigueux CLINIQUE PRIV\u00c9E \u00c0 P\u00c9RIGUEUX Clinique 10 000 m\u00b2 [&hellip;]\" \/>\n<meta property=\"og:url\" content=\"https:\/\/hwcommunity.com\/en\/notre-approche-2\/\" \/>\n<meta property=\"og:site_name\" content=\"hwcommunity.com\" \/>\n<meta property=\"article:modified_time\" content=\"2026-03-10T13:53:46+00:00\" \/>\n<meta name=\"twitter:card\" content=\"summary_large_image\" \/>\n<meta name=\"twitter:label1\" content=\"Estimated reading time\" \/>\n\t<meta name=\"twitter:data1\" content=\"1 minute\" \/>\n<script type=\"application\/ld+json\" class=\"yoast-schema-graph\">{\"@context\":\"https:\\\/\\\/schema.org\",\"@graph\":[{\"@type\":\"WebPage\",\"@id\":\"https:\\\/\\\/hwcommunity.com\\\/notre-approche-2\\\/\",\"url\":\"https:\\\/\\\/hwcommunity.com\\\/notre-approche-2\\\/\",\"name\":\"Notre Portefeuille - hwcommunity.com\",\"isPartOf\":{\"@id\":\"https:\\\/\\\/hwcommunity.com\\\/en\\\/#website\"},\"datePublished\":\"2026-03-07T16:31:45+00:00\",\"dateModified\":\"2026-03-10T13:53:46+00:00\",\"breadcrumb\":{\"@id\":\"https:\\\/\\\/hwcommunity.com\\\/notre-approche-2\\\/#breadcrumb\"},\"inLanguage\":\"en-GB\",\"potentialAction\":[{\"@type\":\"ReadAction\",\"target\":[\"https:\\\/\\\/hwcommunity.com\\\/notre-approche-2\\\/\"]}]},{\"@type\":\"BreadcrumbList\",\"@id\":\"https:\\\/\\\/hwcommunity.com\\\/notre-approche-2\\\/#breadcrumb\",\"itemListElement\":[{\"@type\":\"ListItem\",\"position\":1,\"name\":\"Home\",\"item\":\"https:\\\/\\\/hwcommunity.com\\\/\"},{\"@type\":\"ListItem\",\"position\":2,\"name\":\"Notre Portefeuille\"}]},{\"@type\":\"WebSite\",\"@id\":\"https:\\\/\\\/hwcommunity.com\\\/en\\\/#website\",\"url\":\"https:\\\/\\\/hwcommunity.com\\\/en\\\/\",\"name\":\"hwcommunity.com\",\"description\":\"Humans at Works\",\"publisher\":{\"@id\":\"https:\\\/\\\/hwcommunity.com\\\/en\\\/#organization\"},\"potentialAction\":[{\"@type\":\"SearchAction\",\"target\":{\"@type\":\"EntryPoint\",\"urlTemplate\":\"https:\\\/\\\/hwcommunity.com\\\/en\\\/?s={search_term_string}\"},\"query-input\":{\"@type\":\"PropertyValueSpecification\",\"valueRequired\":true,\"valueName\":\"search_term_string\"}}],\"inLanguage\":\"en-GB\"},{\"@type\":\"Organization\",\"@id\":\"https:\\\/\\\/hwcommunity.com\\\/en\\\/#organization\",\"name\":\"HW Capital\",\"url\":\"https:\\\/\\\/hwcommunity.com\\\/en\\\/\",\"logo\":{\"@type\":\"ImageObject\",\"inLanguage\":\"en-GB\",\"@id\":\"https:\\\/\\\/hwcommunity.com\\\/en\\\/#\\\/schema\\\/logo\\\/image\\\/\",\"url\":\"https:\\\/\\\/hwcommunity.com\\\/wp-content\\\/uploads\\\/2022\\\/10\\\/a.png\",\"contentUrl\":\"https:\\\/\\\/hwcommunity.com\\\/wp-content\\\/uploads\\\/2022\\\/10\\\/a.png\",\"width\":2265,\"height\":1939,\"caption\":\"HW Capital\"},\"image\":{\"@id\":\"https:\\\/\\\/hwcommunity.com\\\/en\\\/#\\\/schema\\\/logo\\\/image\\\/\"},\"sameAs\":[\"https:\\\/\\\/www.linkedin.com\\\/company\\\/hw-capital\\\/?originalSubdomain=fr\"]}]}<\/script>\n<!-- \/ Yoast SEO plugin. -->","yoast_head_json":{"title":"Notre Portefeuille - hwcommunity.com","robots":{"index":"index","follow":"follow","max-snippet":"max-snippet:-1","max-image-preview":"max-image-preview:large","max-video-preview":"max-video-preview:-1"},"canonical":"https:\/\/hwcommunity.com\/en\/notre-approche-2\/","og_locale":"en_GB","og_type":"article","og_title":"Notre Portefeuille - hwcommunity.com","og_description":"Strat\u00e9gies op\u00e9rationnelles et cr\u00e9ation de valeur De la structuration financi\u00e8re au pilotage de la donn\u00e9e, nos actifs concr\u00e9tisent le mod\u00e8le All-in-One. Nous maximisons la valeur en transformant chaque usage en un rendement s\u00e9curis\u00e9, p\u00e9renne et transparent. Clichy IMMEUBLE DE BUREAU \u00c0 CLICHY Bureau 23 000 m\u00b2 P\u00e9rigueux CLINIQUE PRIV\u00c9E \u00c0 P\u00c9RIGUEUX Clinique 10 000 m\u00b2 [&hellip;]","og_url":"https:\/\/hwcommunity.com\/en\/notre-approche-2\/","og_site_name":"hwcommunity.com","article_modified_time":"2026-03-10T13:53:46+00:00","twitter_card":"summary_large_image","twitter_misc":{"Estimated reading time":"1 minute"},"schema":{"@context":"https:\/\/schema.org","@graph":[{"@type":"WebPage","@id":"https:\/\/hwcommunity.com\/notre-approche-2\/","url":"https:\/\/hwcommunity.com\/notre-approche-2\/","name":"Notre Portefeuille - hwcommunity.com","isPartOf":{"@id":"https:\/\/hwcommunity.com\/en\/#website"},"datePublished":"2026-03-07T16:31:45+00:00","dateModified":"2026-03-10T13:53:46+00:00","breadcrumb":{"@id":"https:\/\/hwcommunity.com\/notre-approche-2\/#breadcrumb"},"inLanguage":"en-GB","potentialAction":[{"@type":"ReadAction","target":["https:\/\/hwcommunity.com\/notre-approche-2\/"]}]},{"@type":"BreadcrumbList","@id":"https:\/\/hwcommunity.com\/notre-approche-2\/#breadcrumb","itemListElement":[{"@type":"ListItem","position":1,"name":"Home","item":"https:\/\/hwcommunity.com\/"},{"@type":"ListItem","position":2,"name":"Notre Portefeuille"}]},{"@type":"WebSite","@id":"https:\/\/hwcommunity.com\/en\/#website","url":"https:\/\/hwcommunity.com\/en\/","name":"hwcommunity.com","description":"Humans at Works","publisher":{"@id":"https:\/\/hwcommunity.com\/en\/#organization"},"potentialAction":[{"@type":"SearchAction","target":{"@type":"EntryPoint","urlTemplate":"https:\/\/hwcommunity.com\/en\/?s={search_term_string}"},"query-input":{"@type":"PropertyValueSpecification","valueRequired":true,"valueName":"search_term_string"}}],"inLanguage":"en-GB"},{"@type":"Organization","@id":"https:\/\/hwcommunity.com\/en\/#organization","name":"HW Capital","url":"https:\/\/hwcommunity.com\/en\/","logo":{"@type":"ImageObject","inLanguage":"en-GB","@id":"https:\/\/hwcommunity.com\/en\/#\/schema\/logo\/image\/","url":"https:\/\/hwcommunity.com\/wp-content\/uploads\/2022\/10\/a.png","contentUrl":"https:\/\/hwcommunity.com\/wp-content\/uploads\/2022\/10\/a.png","width":2265,"height":1939,"caption":"HW Capital"},"image":{"@id":"https:\/\/hwcommunity.com\/en\/#\/schema\/logo\/image\/"},"sameAs":["https:\/\/www.linkedin.com\/company\/hw-capital\/?originalSubdomain=fr"]}]}},"_links":{"self":[{"href":"https:\/\/hwcommunity.com\/en\/wp-json\/wp\/v2\/pages\/6190","targetHints":{"allow":["GET"]}}],"collection":[{"href":"https:\/\/hwcommunity.com\/en\/wp-json\/wp\/v2\/pages"}],"about":[{"href":"https:\/\/hwcommunity.com\/en\/wp-json\/wp\/v2\/types\/page"}],"author":[{"embeddable":true,"href":"https:\/\/hwcommunity.com\/en\/wp-json\/wp\/v2\/users\/1"}],"replies":[{"embeddable":true,"href":"https:\/\/hwcommunity.com\/en\/wp-json\/wp\/v2\/comments?post=6190"}],"version-history":[{"count":150,"href":"https:\/\/hwcommunity.com\/en\/wp-json\/wp\/v2\/pages\/6190\/revisions"}],"predecessor-version":[{"id":7590,"href":"https:\/\/hwcommunity.com\/en\/wp-json\/wp\/v2\/pages\/6190\/revisions\/7590"}],"wp:attachment":[{"href":"https:\/\/hwcommunity.com\/en\/wp-json\/wp\/v2\/media?parent=6190"}],"curies":[{"name":"wp","href":"https:\/\/api.w.org\/{rel}","templated":true}]}}