{"id":6251,"date":"2026-03-07T17:08:51","date_gmt":"2026-03-07T17:08:51","guid":{"rendered":"https:\/\/hwcommunity.com\/?page_id=6251"},"modified":"2026-03-10T13:46:20","modified_gmt":"2026-03-10T13:46:20","slug":"notre-equipe","status":"publish","type":"page","link":"https:\/\/hwcommunity.com\/en\/notre-equipe\/","title":{"rendered":"Notre \u00e9quipe"},"content":{"rendered":"<div data-elementor-type=\"wp-page\" data-elementor-id=\"6251\" class=\"elementor elementor-6251\" data-elementor-post-type=\"page\">\n\t\t\t\t<div class=\"elementor-element elementor-element-3ec7405 e-con-full e-flex e-con e-parent\" data-id=\"3ec7405\" data-element_type=\"container\" data-e-type=\"container\" data-settings=\"{&quot;background_background&quot;:&quot;classic&quot;}\">\n\t\t\t\t<div class=\"elementor-element elementor-element-29d509f elementor-widget__width-initial glass-title animated-slow elementor-invisible elementor-widget elementor-widget-heading\" data-id=\"29d509f\" data-element_type=\"widget\" data-e-type=\"widget\" data-settings=\"{&quot;_animation&quot;:&quot;fadeInUp&quot;}\" data-widget_type=\"heading.default\">\n\t\t\t\t\t<h2 class=\"elementor-heading-title elementor-size-default\">UNE VISION PARTAG\u00c9E, <br> <b> DES EXPERTISES CROIS\u00c9ES\n<\/h2>\t\t\t\t<\/div>\n\t\t\t\t<div class=\"elementor-element elementor-element-b8db530 elementor-widget__width-inherit animated-slow elementor-invisible elementor-widget elementor-widget-text-editor\" data-id=\"b8db530\" data-element_type=\"widget\" data-e-type=\"widget\" data-settings=\"{&quot;_animation&quot;:&quot;fadeInUp&quot;,&quot;_animation_delay&quot;:1000}\" data-widget_type=\"text-editor.default\">\n\t\t\t\t\t\t\t\t\t<p>La pr\u00e9cision de l\u2019institutionnel, l\u2019agilit\u00e9 de l\u2019hospitality et la puissance de la donn\u00e9e : une nouvelle fa\u00e7on de piloter les actifs.<\/p>\t\t\t\t\t\t\t\t<\/div>\n\t\t\t\t<div class=\"elementor-element elementor-element-14d7f3c elementor-widget__width-inherit elementor-widget elementor-widget-button\" data-id=\"14d7f3c\" data-element_type=\"widget\" data-e-type=\"widget\" data-widget_type=\"button.default\">\n\t\t\t\t\t\t\t\t\t\t<a class=\"elementor-button elementor-button-link elementor-size-sm\" href=\"#histoire\">\n\t\t\t\t\t\t<span class=\"elementor-button-content-wrapper\">\n\t\t\t\t\t\t<span class=\"elementor-button-icon\">\n\t\t\t\t<svg aria-hidden=\"true\" class=\"e-font-icon-svg e-fas-long-arrow-alt-right\" viewbox=\"0 0 448 512\" xmlns=\"http:\/\/www.w3.org\/2000\/svg\"><path d=\"M313.941 216H12c-6.627 0-12 5.373-12 12v56c0 6.627 5.373 12 12 12h301.941v46.059c0 21.382 25.851 32.09 40.971 16.971l86.059-86.059c9.373-9.373 9.373-24.569 0-33.941l-86.059-86.059c-15.119-15.119-40.971-4.411-40.971 16.971V216z\"><\/path><\/svg>\t\t\t<\/span>\n\t\t\t\t\t\t\t\t\t<span class=\"elementor-button-text\">D\u00e9couvrir notre histoire<\/span>\n\t\t\t\t\t<\/span>\n\t\t\t\t\t<\/a>\n\t\t\t\t\t\t\t\t<\/div>\n\t\t\t\t<\/div>\n\t\t<div class=\"elementor-element elementor-element-013c7f7 e-con-full e-flex e-con e-parent\" data-id=\"013c7f7\" data-element_type=\"container\" data-e-type=\"container\">\n\t\t\t\t<div class=\"elementor-element elementor-element-8f0ae42 elementor-widget__width-inherit animated-slow elementor-widget elementor-widget-heading\" data-id=\"8f0ae42\" data-element_type=\"widget\" data-e-type=\"widget\" data-settings=\"{&quot;_animation&quot;:&quot;none&quot;}\" data-widget_type=\"heading.default\">\n\t\t\t\t\t<h2 class=\"elementor-heading-title elementor-size-default\">La gen\u00e8se du mod\u00e8le\n<\/h2>\t\t\t\t<\/div>\n\t\t\t\t<div class=\"elementor-element elementor-element-7a208f5 elementor-widget__width-initial glass-title elementor-widget elementor-widget-heading\" data-id=\"7a208f5\" data-element_type=\"widget\" data-e-type=\"widget\" data-widget_type=\"heading.default\">\n\t\t\t\t\t<h2 class=\"elementor-heading-title elementor-size-default\">L'ALLIANCE DE LA <b> RIGUEUR ET DE L'AGILIT\u00c9<\/h2>\t\t\t\t<\/div>\n\t\t\t\t<div class=\"elementor-element elementor-element-ba3097d elementor-widget__width-inherit elementor-widget elementor-widget-text-editor\" data-id=\"ba3097d\" data-element_type=\"widget\" data-e-type=\"widget\" data-widget_type=\"text-editor.default\">\n\t\t\t\t\t\t\t\t\t<p>HW Community est n\u00e9e d\u2019une conviction forg\u00e9e au sortir de la crise sanitaire : la performance des actifs (bureaux, r\u00e9sidentiel, h\u00f4tellerie ou logistique) d\u00e9pend d\u00e9sormais d&rsquo;un pilotage plus fin, capable de r\u00e9concilier la strat\u00e9gie financi\u00e8re et la <b>r\u00e9alit\u00e9 de l\u2019usage<\/b>.<\/p><p>Nous avons voulu supprimer les silos entre la finance et l&rsquo;<b>exploitation<\/b> pour transformer la gestion immobili\u00e8re en une discipline de pr\u00e9cision. Notre mission : piloter la donn\u00e9e en temps r\u00e9el pour s\u00e9curiser la valeur de chaque m\u00e8tre carr\u00e9, l\u00e0 o\u00f9 l&rsquo;usage est devenu le premier actif immat\u00e9riel.<\/p>\t\t\t\t\t\t\t\t<\/div>\n\t\t\t\t<\/div>\n\t\t<div class=\"elementor-element elementor-element-c0429ab e-con-full team-section e-flex e-con e-parent\" data-id=\"c0429ab\" data-element_type=\"container\" data-e-type=\"container\" data-settings=\"{&quot;background_background&quot;:&quot;classic&quot;}\">\n\t\t<div class=\"elementor-element elementor-element-3d47578 e-con-full e-flex e-con e-child\" data-id=\"3d47578\" data-element_type=\"container\" data-e-type=\"container\" data-settings=\"{&quot;background_background&quot;:&quot;classic&quot;}\">\n\t\t\t\t<div class=\"elementor-element elementor-element-9ea127c elementor-widget__width-inherit elementor-widget elementor-widget-heading\" data-id=\"9ea127c\" data-element_type=\"widget\" data-e-type=\"widget\" data-widget_type=\"heading.default\">\n\t\t\t\t\t<h2 class=\"elementor-heading-title elementor-size-default\">M\u00c9LANIE ACHARD\n<\/h2>\t\t\t\t<\/div>\n\t\t\t\t<div class=\"elementor-element elementor-element-f4e9c0e elementor-widget__width-inherit elementor-widget elementor-widget-text-editor\" data-id=\"f4e9c0e\" data-element_type=\"widget\" data-e-type=\"widget\" data-widget_type=\"text-editor.default\">\n\t\t\t\t\t\t\t\t\tAssoci\u00e9e\t\t\t\t\t\t\t\t<\/div>\n\t\t\t\t<div class=\"elementor-element elementor-element-dfee102 elementor-widget__width-inherit elementor-align-left elementor-widget-mobile__width-inherit elementor-widget elementor-widget-button\" data-id=\"dfee102\" data-element_type=\"widget\" data-e-type=\"widget\" data-widget_type=\"button.default\">\n\t\t\t\t\t\t\t\t\t\t<a class=\"elementor-button elementor-button-link elementor-size-sm\" href=\"https:\/\/hwcommunity.com\/en\/melanie-achard\/\">\n\t\t\t\t\t\t<span class=\"elementor-button-content-wrapper\">\n\t\t\t\t\t\t\t\t\t<span class=\"elementor-button-text\">Bio<\/span>\n\t\t\t\t\t<\/span>\n\t\t\t\t\t<\/a>\n\t\t\t\t\t\t\t\t<\/div>\n\t\t\t\t<\/div>\n\t\t<div class=\"elementor-element elementor-element-682bd8f e-con-full e-flex e-con e-child\" data-id=\"682bd8f\" data-element_type=\"container\" data-e-type=\"container\" data-settings=\"{&quot;background_background&quot;:&quot;classic&quot;}\">\n\t\t\t\t<div class=\"elementor-element elementor-element-adfb61b elementor-widget__width-inherit elementor-widget elementor-widget-heading\" data-id=\"adfb61b\" data-element_type=\"widget\" data-e-type=\"widget\" data-widget_type=\"heading.default\">\n\t\t\t\t\t<h2 class=\"elementor-heading-title elementor-size-default\">CYRILLE PHAN\n<\/h2>\t\t\t\t<\/div>\n\t\t\t\t<div class=\"elementor-element elementor-element-cb1588f elementor-widget__width-inherit elementor-widget elementor-widget-text-editor\" data-id=\"cb1588f\" data-element_type=\"widget\" data-e-type=\"widget\" data-widget_type=\"text-editor.default\">\n\t\t\t\t\t\t\t\t\tAssoci\u00e9 Fondateur\t\t\t\t\t\t\t\t<\/div>\n\t\t\t\t<div class=\"elementor-element elementor-element-a286a0c elementor-widget__width-inherit elementor-align-left elementor-widget-mobile__width-inherit elementor-widget elementor-widget-button\" data-id=\"a286a0c\" data-element_type=\"widget\" data-e-type=\"widget\" data-widget_type=\"button.default\">\n\t\t\t\t\t\t\t\t\t\t<a class=\"elementor-button elementor-button-link elementor-size-sm\" href=\"https:\/\/hwcommunity.com\/en\/cyrille-phan\/\">\n\t\t\t\t\t\t<span class=\"elementor-button-content-wrapper\">\n\t\t\t\t\t\t\t\t\t<span class=\"elementor-button-text\">Bio<\/span>\n\t\t\t\t\t<\/span>\n\t\t\t\t\t<\/a>\n\t\t\t\t\t\t\t\t<\/div>\n\t\t\t\t<\/div>\n\t\t<div class=\"elementor-element elementor-element-cb71845 e-con-full e-flex e-con e-child\" data-id=\"cb71845\" data-element_type=\"container\" data-e-type=\"container\">\n\t\t\t\t<div class=\"elementor-element elementor-element-f963737 animated-slow elementor-widget__width-inherit elementor-widget elementor-widget-heading\" data-id=\"f963737\" data-element_type=\"widget\" data-e-type=\"widget\" data-settings=\"{&quot;_animation&quot;:&quot;none&quot;}\" data-widget_type=\"heading.default\">\n\t\t\t\t\t<h2 class=\"elementor-heading-title elementor-size-default\">L\u2019\u00e9quipe fondatrice\n<\/h2>\t\t\t\t<\/div>\n\t\t\t\t<div class=\"elementor-element elementor-element-6fa9f1b elementor-widget__width-initial glass-title elementor-widget elementor-widget-heading\" data-id=\"6fa9f1b\" data-element_type=\"widget\" data-e-type=\"widget\" data-widget_type=\"heading.default\">\n\t\t\t\t\t<h2 class=\"elementor-heading-title elementor-size-default\">AMBITION <b>STRAT\u00c9GIQUE<\/h2>\t\t\t\t<\/div>\n\t\t\t\t<div class=\"elementor-element elementor-element-3e4f078 elementor-widget__width-inherit elementor-widget elementor-widget-text-editor\" data-id=\"3e4f078\" data-element_type=\"widget\" data-e-type=\"widget\" data-widget_type=\"text-editor.default\">\n\t\t\t\t\t\t\t\t\tR\u00e9concilier l&rsquo;exigence institutionnelle et l&rsquo;intelligence de l&rsquo;usage.\t\t\t\t\t\t\t\t<\/div>\n\t\t\t\t<\/div>\n\t\t\t\t<\/div>\n\t\t\t\t<\/div>","protected":false},"excerpt":{"rendered":"<p>UNE VISION PARTAG\u00c9E, DES EXPERTISES CROIS\u00c9ES La pr\u00e9cision de l\u2019institutionnel, l\u2019agilit\u00e9 de l\u2019hospitality et la puissance de la donn\u00e9e : une nouvelle fa\u00e7on de piloter les actifs. D\u00e9couvrir notre histoire La gen\u00e8se du mod\u00e8le L&rsquo;ALLIANCE DE LA RIGUEUR ET DE L&rsquo;AGILIT\u00c9 HW Community est n\u00e9e d\u2019une conviction forg\u00e9e au sortir de la crise sanitaire : [&hellip;]<\/p>\n","protected":false},"author":1,"featured_media":0,"parent":0,"menu_order":0,"comment_status":"closed","ping_status":"closed","template":"elementor_header_footer","meta":{"footnotes":""},"class_list":["post-6251","page","type-page","status-publish","hentry"],"yoast_head":"<!-- This site is optimized with the Yoast SEO plugin v27.4 - https:\/\/yoast.com\/product\/yoast-seo-wordpress\/ -->\n<title>Notre \u00e9quipe - hwcommunity.com<\/title>\n<meta name=\"robots\" content=\"index, follow, max-snippet:-1, max-image-preview:large, max-video-preview:-1\" \/>\n<link rel=\"canonical\" href=\"https:\/\/hwcommunity.com\/en\/notre-equipe\/\" \/>\n<meta property=\"og:locale\" content=\"en_GB\" \/>\n<meta property=\"og:type\" content=\"article\" \/>\n<meta property=\"og:title\" content=\"Notre \u00e9quipe - hwcommunity.com\" \/>\n<meta property=\"og:description\" content=\"UNE VISION PARTAG\u00c9E, DES EXPERTISES CROIS\u00c9ES La pr\u00e9cision de l\u2019institutionnel, l\u2019agilit\u00e9 de l\u2019hospitality et la puissance de la donn\u00e9e : une nouvelle fa\u00e7on de piloter les actifs. D\u00e9couvrir notre histoire La gen\u00e8se du mod\u00e8le L&rsquo;ALLIANCE DE LA RIGUEUR ET DE L&rsquo;AGILIT\u00c9 HW Community est n\u00e9e d\u2019une conviction forg\u00e9e au sortir de la crise sanitaire : [&hellip;]\" \/>\n<meta property=\"og:url\" content=\"https:\/\/hwcommunity.com\/en\/notre-equipe\/\" \/>\n<meta property=\"og:site_name\" content=\"hwcommunity.com\" \/>\n<meta property=\"article:modified_time\" content=\"2026-03-10T13:46:20+00:00\" \/>\n<meta name=\"twitter:card\" content=\"summary_large_image\" \/>\n<meta name=\"twitter:label1\" content=\"Estimated reading time\" \/>\n\t<meta name=\"twitter:data1\" content=\"1 minute\" \/>\n<script type=\"application\/ld+json\" class=\"yoast-schema-graph\">{\"@context\":\"https:\\\/\\\/schema.org\",\"@graph\":[{\"@type\":\"WebPage\",\"@id\":\"https:\\\/\\\/hwcommunity.com\\\/notre-equipe\\\/\",\"url\":\"https:\\\/\\\/hwcommunity.com\\\/notre-equipe\\\/\",\"name\":\"Notre \u00e9quipe - hwcommunity.com\",\"isPartOf\":{\"@id\":\"https:\\\/\\\/hwcommunity.com\\\/en\\\/#website\"},\"datePublished\":\"2026-03-07T17:08:51+00:00\",\"dateModified\":\"2026-03-10T13:46:20+00:00\",\"breadcrumb\":{\"@id\":\"https:\\\/\\\/hwcommunity.com\\\/notre-equipe\\\/#breadcrumb\"},\"inLanguage\":\"en-GB\",\"potentialAction\":[{\"@type\":\"ReadAction\",\"target\":[\"https:\\\/\\\/hwcommunity.com\\\/notre-equipe\\\/\"]}]},{\"@type\":\"BreadcrumbList\",\"@id\":\"https:\\\/\\\/hwcommunity.com\\\/notre-equipe\\\/#breadcrumb\",\"itemListElement\":[{\"@type\":\"ListItem\",\"position\":1,\"name\":\"Home\",\"item\":\"https:\\\/\\\/hwcommunity.com\\\/\"},{\"@type\":\"ListItem\",\"position\":2,\"name\":\"Notre \u00e9quipe\"}]},{\"@type\":\"WebSite\",\"@id\":\"https:\\\/\\\/hwcommunity.com\\\/en\\\/#website\",\"url\":\"https:\\\/\\\/hwcommunity.com\\\/en\\\/\",\"name\":\"hwcommunity.com\",\"description\":\"Humans at Works\",\"publisher\":{\"@id\":\"https:\\\/\\\/hwcommunity.com\\\/en\\\/#organization\"},\"potentialAction\":[{\"@type\":\"SearchAction\",\"target\":{\"@type\":\"EntryPoint\",\"urlTemplate\":\"https:\\\/\\\/hwcommunity.com\\\/en\\\/?s={search_term_string}\"},\"query-input\":{\"@type\":\"PropertyValueSpecification\",\"valueRequired\":true,\"valueName\":\"search_term_string\"}}],\"inLanguage\":\"en-GB\"},{\"@type\":\"Organization\",\"@id\":\"https:\\\/\\\/hwcommunity.com\\\/en\\\/#organization\",\"name\":\"HW Capital\",\"url\":\"https:\\\/\\\/hwcommunity.com\\\/en\\\/\",\"logo\":{\"@type\":\"ImageObject\",\"inLanguage\":\"en-GB\",\"@id\":\"https:\\\/\\\/hwcommunity.com\\\/en\\\/#\\\/schema\\\/logo\\\/image\\\/\",\"url\":\"https:\\\/\\\/hwcommunity.com\\\/wp-content\\\/uploads\\\/2022\\\/10\\\/a.png\",\"contentUrl\":\"https:\\\/\\\/hwcommunity.com\\\/wp-content\\\/uploads\\\/2022\\\/10\\\/a.png\",\"width\":2265,\"height\":1939,\"caption\":\"HW Capital\"},\"image\":{\"@id\":\"https:\\\/\\\/hwcommunity.com\\\/en\\\/#\\\/schema\\\/logo\\\/image\\\/\"},\"sameAs\":[\"https:\\\/\\\/www.linkedin.com\\\/company\\\/hw-capital\\\/?originalSubdomain=fr\"]}]}<\/script>\n<!-- \/ Yoast SEO plugin. -->","yoast_head_json":{"title":"Notre \u00e9quipe - hwcommunity.com","robots":{"index":"index","follow":"follow","max-snippet":"max-snippet:-1","max-image-preview":"max-image-preview:large","max-video-preview":"max-video-preview:-1"},"canonical":"https:\/\/hwcommunity.com\/en\/notre-equipe\/","og_locale":"en_GB","og_type":"article","og_title":"Notre \u00e9quipe - hwcommunity.com","og_description":"UNE VISION PARTAG\u00c9E, DES EXPERTISES CROIS\u00c9ES La pr\u00e9cision de l\u2019institutionnel, l\u2019agilit\u00e9 de l\u2019hospitality et la puissance de la donn\u00e9e : une nouvelle fa\u00e7on de piloter les actifs. D\u00e9couvrir notre histoire La gen\u00e8se du mod\u00e8le L&rsquo;ALLIANCE DE LA RIGUEUR ET DE L&rsquo;AGILIT\u00c9 HW Community est n\u00e9e d\u2019une conviction forg\u00e9e au sortir de la crise sanitaire : [&hellip;]","og_url":"https:\/\/hwcommunity.com\/en\/notre-equipe\/","og_site_name":"hwcommunity.com","article_modified_time":"2026-03-10T13:46:20+00:00","twitter_card":"summary_large_image","twitter_misc":{"Estimated reading time":"1 minute"},"schema":{"@context":"https:\/\/schema.org","@graph":[{"@type":"WebPage","@id":"https:\/\/hwcommunity.com\/notre-equipe\/","url":"https:\/\/hwcommunity.com\/notre-equipe\/","name":"Notre \u00e9quipe - hwcommunity.com","isPartOf":{"@id":"https:\/\/hwcommunity.com\/en\/#website"},"datePublished":"2026-03-07T17:08:51+00:00","dateModified":"2026-03-10T13:46:20+00:00","breadcrumb":{"@id":"https:\/\/hwcommunity.com\/notre-equipe\/#breadcrumb"},"inLanguage":"en-GB","potentialAction":[{"@type":"ReadAction","target":["https:\/\/hwcommunity.com\/notre-equipe\/"]}]},{"@type":"BreadcrumbList","@id":"https:\/\/hwcommunity.com\/notre-equipe\/#breadcrumb","itemListElement":[{"@type":"ListItem","position":1,"name":"Home","item":"https:\/\/hwcommunity.com\/"},{"@type":"ListItem","position":2,"name":"Notre \u00e9quipe"}]},{"@type":"WebSite","@id":"https:\/\/hwcommunity.com\/en\/#website","url":"https:\/\/hwcommunity.com\/en\/","name":"hwcommunity.com","description":"Humans at Works","publisher":{"@id":"https:\/\/hwcommunity.com\/en\/#organization"},"potentialAction":[{"@type":"SearchAction","target":{"@type":"EntryPoint","urlTemplate":"https:\/\/hwcommunity.com\/en\/?s={search_term_string}"},"query-input":{"@type":"PropertyValueSpecification","valueRequired":true,"valueName":"search_term_string"}}],"inLanguage":"en-GB"},{"@type":"Organization","@id":"https:\/\/hwcommunity.com\/en\/#organization","name":"HW Capital","url":"https:\/\/hwcommunity.com\/en\/","logo":{"@type":"ImageObject","inLanguage":"en-GB","@id":"https:\/\/hwcommunity.com\/en\/#\/schema\/logo\/image\/","url":"https:\/\/hwcommunity.com\/wp-content\/uploads\/2022\/10\/a.png","contentUrl":"https:\/\/hwcommunity.com\/wp-content\/uploads\/2022\/10\/a.png","width":2265,"height":1939,"caption":"HW Capital"},"image":{"@id":"https:\/\/hwcommunity.com\/en\/#\/schema\/logo\/image\/"},"sameAs":["https:\/\/www.linkedin.com\/company\/hw-capital\/?originalSubdomain=fr"]}]}},"_links":{"self":[{"href":"https:\/\/hwcommunity.com\/en\/wp-json\/wp\/v2\/pages\/6251","targetHints":{"allow":["GET"]}}],"collection":[{"href":"https:\/\/hwcommunity.com\/en\/wp-json\/wp\/v2\/pages"}],"about":[{"href":"https:\/\/hwcommunity.com\/en\/wp-json\/wp\/v2\/types\/page"}],"author":[{"embeddable":true,"href":"https:\/\/hwcommunity.com\/en\/wp-json\/wp\/v2\/users\/1"}],"replies":[{"embeddable":true,"href":"https:\/\/hwcommunity.com\/en\/wp-json\/wp\/v2\/comments?post=6251"}],"version-history":[{"count":259,"href":"https:\/\/hwcommunity.com\/en\/wp-json\/wp\/v2\/pages\/6251\/revisions"}],"predecessor-version":[{"id":7581,"href":"https:\/\/hwcommunity.com\/en\/wp-json\/wp\/v2\/pages\/6251\/revisions\/7581"}],"wp:attachment":[{"href":"https:\/\/hwcommunity.com\/en\/wp-json\/wp\/v2\/media?parent=6251"}],"curies":[{"name":"wp","href":"https:\/\/api.w.org\/{rel}","templated":true}]}}