{"id":6390,"date":"2026-03-07T18:01:34","date_gmt":"2026-03-07T18:01:34","guid":{"rendered":"https:\/\/hwcommunity.com\/?page_id=6390"},"modified":"2026-03-09T14:19:23","modified_gmt":"2026-03-09T14:19:23","slug":"melanie-achard","status":"publish","type":"page","link":"https:\/\/hwcommunity.com\/en\/melanie-achard\/","title":{"rendered":"M\u00e9lanie ACHARD"},"content":{"rendered":"<div data-elementor-type=\"wp-page\" data-elementor-id=\"6390\" class=\"elementor elementor-6390\" data-elementor-post-type=\"page\">\n\t\t\t\t<div class=\"elementor-element elementor-element-d1e092a e-con-full e-flex e-con e-parent\" data-id=\"d1e092a\" data-element_type=\"container\" data-e-type=\"container\" data-settings=\"{&quot;background_background&quot;:&quot;classic&quot;}\">\n\t\t<div class=\"elementor-element elementor-element-6df2fd2 e-con-full e-flex e-con e-child\" data-id=\"6df2fd2\" data-element_type=\"container\" data-e-type=\"container\">\n\t\t\t\t<div class=\"elementor-element elementor-element-5ad1633 elementor-widget__width-inherit elementor-align-left js-readmore-btn elementor-widget elementor-widget-button\" data-id=\"5ad1633\" data-element_type=\"widget\" data-e-type=\"widget\" data-widget_type=\"button.default\">\n\t\t\t\t\t\t\t\t\t\t<a class=\"elementor-button elementor-button-link elementor-size-sm\" href=\"https:\/\/hwcommunity.com\/en\/notre-equipe\/\">\n\t\t\t\t\t\t<span class=\"elementor-button-content-wrapper\">\n\t\t\t\t\t\t<span class=\"elementor-button-icon\">\n\t\t\t\t<svg aria-hidden=\"true\" class=\"e-font-icon-svg e-fas-long-arrow-alt-left\" viewbox=\"0 0 448 512\" xmlns=\"http:\/\/www.w3.org\/2000\/svg\"><path d=\"M134.059 296H436c6.627 0 12-5.373 12-12v-56c0-6.627-5.373-12-12-12H134.059v-46.059c0-21.382-25.851-32.09-40.971-16.971L7.029 239.029c-9.373 9.373-9.373 24.569 0 33.941l86.059 86.059c15.119 15.119 40.971 4.411 40.971-16.971V296z\"><\/path><\/svg>\t\t\t<\/span>\n\t\t\t\t\t\t\t\t\t<span class=\"elementor-button-text\">Retour<\/span>\n\t\t\t\t\t<\/span>\n\t\t\t\t\t<\/a>\n\t\t\t\t\t\t\t\t<\/div>\n\t\t\t\t<div class=\"elementor-element elementor-element-ac637b3 elementor-widget__width-inherit animated-slow elementor-widget elementor-widget-heading\" data-id=\"ac637b3\" data-element_type=\"widget\" data-e-type=\"widget\" data-settings=\"{&quot;_animation&quot;:&quot;none&quot;}\" data-widget_type=\"heading.default\">\n\t\t\t\t\t<h2 class=\"elementor-heading-title elementor-size-default\">M\u00e9lanie ACHARD\n<\/h2>\t\t\t\t<\/div>\n\t\t\t\t<div class=\"elementor-element elementor-element-79ae723 elementor-widget__width-initial glass-title elementor-widget elementor-widget-heading\" data-id=\"79ae723\" data-element_type=\"widget\" data-e-type=\"widget\" data-widget_type=\"heading.default\">\n\t\t\t\t\t<h2 class=\"elementor-heading-title elementor-size-default\">MON PARCOURS<\/h2>\t\t\t\t<\/div>\n\t\t\t\t<div class=\"elementor-element elementor-element-23a999a elementor-widget__width-inherit readmore-text elementor-widget elementor-widget-text-editor\" data-id=\"23a999a\" data-element_type=\"widget\" data-e-type=\"widget\" data-widget_type=\"text-editor.default\">\n\t\t\t\t\t\t\t\t\t<p><b>M\u00e9lanie a rejoint HW Community d\u00e8s son lancement et est Directrice G\u00e9n\u00e9rale d&rsquo;HW Community.<\/b><\/p><p><b>Responsable des op\u00e9rations et de la gestion financi\u00e8re,<\/b><\/p><p><b>M\u00e9lanie s\u2019assure du bon suivi des investissements en supervisant la strat\u00e9gie, les process et les outils d\u00e9velopp\u00e9s. Passionn\u00e9e par le data et process management, M\u00e9lanie est toujours \u00e0 l\u2019aff\u00fbt des derni\u00e8res tendances afin de pouvoir optimiser la performance.<\/b><\/p><p>10 ans d\u2019exp\u00e9rience sur les march\u00e9s immobiliers europ\u00e9ens (France, Allemagne, Belgique et Italie) en gestion de portefeuille, financement et restructuration de dettes et en fund management. Gestion de fonds d\u2019optimisation fiscale pendant 5 ans et cr\u00e9ation de startups dans le num\u00e9rique pendant 3 ans.<\/p><ul><li>Gestion de portefeuilles et fonds au sein du groupe Goldman Sachs (Archon) et Stam Europe \u00e0 Paris. Optimisation fiscale dans le Tax Shelter chez Ufund \u00e0 Bruxelles.<\/li><\/ul><p><i style=\"background-color: transparent; font-size: 1vw;\"><br \/>M\u00e9lanie est dipl\u00f4m\u00e9e de l\u2019ESSEC et de Sciences Po Bordeaux.<\/i><\/p>\t\t\t\t\t\t\t\t<\/div>\n\t\t\t\t<\/div>\n\t\t\t\t<div class=\"elementor-element elementor-element-cc8beb1 elementor-widget__width-initial elementor-widget elementor-widget-image\" data-id=\"cc8beb1\" data-element_type=\"widget\" data-e-type=\"widget\" data-widget_type=\"image.default\">\n\t\t\t\t\t\t\t\t\t\t\t\t\t\t\t<img fetchpriority=\"high\" decoding=\"async\" width=\"483\" height=\"720\" src=\"https:\/\/hwcommunity.com\/wp-content\/uploads\/2026\/03\/Image2.jpg\" class=\"attachment-large size-large wp-image-6892\" alt=\"\" srcset=\"https:\/\/hwcommunity.com\/wp-content\/uploads\/2026\/03\/Image2.jpg 483w, https:\/\/hwcommunity.com\/wp-content\/uploads\/2026\/03\/Image2-201x300.jpg 201w, https:\/\/hwcommunity.com\/wp-content\/uploads\/2026\/03\/Image2-8x12.jpg 8w\" sizes=\"(max-width: 483px) 100vw, 483px\" \/>\t\t\t\t\t\t\t\t\t\t\t\t\t\t\t<\/div>\n\t\t\t\t<\/div>\n\t\t\t\t<\/div>","protected":false},"excerpt":{"rendered":"<p>Retour M\u00e9lanie ACHARD MON PARCOURS M\u00e9lanie a rejoint HW Community d\u00e8s son lancement et est Directrice G\u00e9n\u00e9rale d&rsquo;HW Community. Responsable des op\u00e9rations et de la gestion financi\u00e8re, M\u00e9lanie s\u2019assure du bon suivi des investissements en supervisant la strat\u00e9gie, les process et les outils d\u00e9velopp\u00e9s. Passionn\u00e9e par le data et process management, M\u00e9lanie est toujours \u00e0 [&hellip;]<\/p>\n","protected":false},"author":1,"featured_media":0,"parent":0,"menu_order":0,"comment_status":"closed","ping_status":"closed","template":"elementor_header_footer","meta":{"footnotes":""},"class_list":["post-6390","page","type-page","status-publish","hentry"],"yoast_head":"<!-- This site is optimized with the Yoast SEO plugin v27.4 - https:\/\/yoast.com\/product\/yoast-seo-wordpress\/ -->\n<title>M\u00e9lanie ACHARD - hwcommunity.com<\/title>\n<meta name=\"robots\" content=\"index, follow, max-snippet:-1, max-image-preview:large, max-video-preview:-1\" \/>\n<link rel=\"canonical\" href=\"https:\/\/hwcommunity.com\/en\/melanie-achard\/\" \/>\n<meta property=\"og:locale\" content=\"en_GB\" \/>\n<meta property=\"og:type\" content=\"article\" \/>\n<meta property=\"og:title\" content=\"M\u00e9lanie ACHARD - hwcommunity.com\" \/>\n<meta property=\"og:description\" content=\"Retour M\u00e9lanie ACHARD MON PARCOURS M\u00e9lanie a rejoint HW Community d\u00e8s son lancement et est Directrice G\u00e9n\u00e9rale d&rsquo;HW Community. Responsable des op\u00e9rations et de la gestion financi\u00e8re, M\u00e9lanie s\u2019assure du bon suivi des investissements en supervisant la strat\u00e9gie, les process et les outils d\u00e9velopp\u00e9s. Passionn\u00e9e par le data et process management, M\u00e9lanie est toujours \u00e0 [&hellip;]\" \/>\n<meta property=\"og:url\" content=\"https:\/\/hwcommunity.com\/en\/melanie-achard\/\" \/>\n<meta property=\"og:site_name\" content=\"hwcommunity.com\" \/>\n<meta property=\"article:modified_time\" content=\"2026-03-09T14:19:23+00:00\" \/>\n<meta property=\"og:image\" content=\"https:\/\/hwcommunity.com\/wp-content\/uploads\/2026\/03\/Image2.jpg\" \/>\n\t<meta property=\"og:image:width\" content=\"483\" \/>\n\t<meta property=\"og:image:height\" content=\"720\" \/>\n\t<meta property=\"og:image:type\" content=\"image\/jpeg\" \/>\n<meta name=\"twitter:card\" content=\"summary_large_image\" \/>\n<meta name=\"twitter:label1\" content=\"Estimated reading time\" \/>\n\t<meta name=\"twitter:data1\" content=\"1 minute\" \/>\n<script type=\"application\/ld+json\" class=\"yoast-schema-graph\">{\"@context\":\"https:\\\/\\\/schema.org\",\"@graph\":[{\"@type\":\"WebPage\",\"@id\":\"https:\\\/\\\/hwcommunity.com\\\/melanie-achard\\\/\",\"url\":\"https:\\\/\\\/hwcommunity.com\\\/melanie-achard\\\/\",\"name\":\"M\u00e9lanie ACHARD - hwcommunity.com\",\"isPartOf\":{\"@id\":\"https:\\\/\\\/hwcommunity.com\\\/en\\\/#website\"},\"primaryImageOfPage\":{\"@id\":\"https:\\\/\\\/hwcommunity.com\\\/melanie-achard\\\/#primaryimage\"},\"image\":{\"@id\":\"https:\\\/\\\/hwcommunity.com\\\/melanie-achard\\\/#primaryimage\"},\"thumbnailUrl\":\"https:\\\/\\\/hwcommunity.com\\\/wp-content\\\/uploads\\\/2026\\\/03\\\/Image2.jpg\",\"datePublished\":\"2026-03-07T18:01:34+00:00\",\"dateModified\":\"2026-03-09T14:19:23+00:00\",\"breadcrumb\":{\"@id\":\"https:\\\/\\\/hwcommunity.com\\\/melanie-achard\\\/#breadcrumb\"},\"inLanguage\":\"en-GB\",\"potentialAction\":[{\"@type\":\"ReadAction\",\"target\":[\"https:\\\/\\\/hwcommunity.com\\\/melanie-achard\\\/\"]}]},{\"@type\":\"ImageObject\",\"inLanguage\":\"en-GB\",\"@id\":\"https:\\\/\\\/hwcommunity.com\\\/melanie-achard\\\/#primaryimage\",\"url\":\"https:\\\/\\\/hwcommunity.com\\\/wp-content\\\/uploads\\\/2026\\\/03\\\/Image2.jpg\",\"contentUrl\":\"https:\\\/\\\/hwcommunity.com\\\/wp-content\\\/uploads\\\/2026\\\/03\\\/Image2.jpg\"},{\"@type\":\"BreadcrumbList\",\"@id\":\"https:\\\/\\\/hwcommunity.com\\\/melanie-achard\\\/#breadcrumb\",\"itemListElement\":[{\"@type\":\"ListItem\",\"position\":1,\"name\":\"Home\",\"item\":\"https:\\\/\\\/hwcommunity.com\\\/\"},{\"@type\":\"ListItem\",\"position\":2,\"name\":\"M\u00e9lanie ACHARD\"}]},{\"@type\":\"WebSite\",\"@id\":\"https:\\\/\\\/hwcommunity.com\\\/en\\\/#website\",\"url\":\"https:\\\/\\\/hwcommunity.com\\\/en\\\/\",\"name\":\"hwcommunity.com\",\"description\":\"Humans at Works\",\"publisher\":{\"@id\":\"https:\\\/\\\/hwcommunity.com\\\/en\\\/#organization\"},\"potentialAction\":[{\"@type\":\"SearchAction\",\"target\":{\"@type\":\"EntryPoint\",\"urlTemplate\":\"https:\\\/\\\/hwcommunity.com\\\/en\\\/?s={search_term_string}\"},\"query-input\":{\"@type\":\"PropertyValueSpecification\",\"valueRequired\":true,\"valueName\":\"search_term_string\"}}],\"inLanguage\":\"en-GB\"},{\"@type\":\"Organization\",\"@id\":\"https:\\\/\\\/hwcommunity.com\\\/en\\\/#organization\",\"name\":\"HW Capital\",\"url\":\"https:\\\/\\\/hwcommunity.com\\\/en\\\/\",\"logo\":{\"@type\":\"ImageObject\",\"inLanguage\":\"en-GB\",\"@id\":\"https:\\\/\\\/hwcommunity.com\\\/en\\\/#\\\/schema\\\/logo\\\/image\\\/\",\"url\":\"https:\\\/\\\/hwcommunity.com\\\/wp-content\\\/uploads\\\/2022\\\/10\\\/a.png\",\"contentUrl\":\"https:\\\/\\\/hwcommunity.com\\\/wp-content\\\/uploads\\\/2022\\\/10\\\/a.png\",\"width\":2265,\"height\":1939,\"caption\":\"HW Capital\"},\"image\":{\"@id\":\"https:\\\/\\\/hwcommunity.com\\\/en\\\/#\\\/schema\\\/logo\\\/image\\\/\"},\"sameAs\":[\"https:\\\/\\\/www.linkedin.com\\\/company\\\/hw-capital\\\/?originalSubdomain=fr\"]}]}<\/script>\n<!-- \/ Yoast SEO plugin. -->","yoast_head_json":{"title":"M\u00e9lanie ACHARD - hwcommunity.com","robots":{"index":"index","follow":"follow","max-snippet":"max-snippet:-1","max-image-preview":"max-image-preview:large","max-video-preview":"max-video-preview:-1"},"canonical":"https:\/\/hwcommunity.com\/en\/melanie-achard\/","og_locale":"en_GB","og_type":"article","og_title":"M\u00e9lanie ACHARD - hwcommunity.com","og_description":"Retour M\u00e9lanie ACHARD MON PARCOURS M\u00e9lanie a rejoint HW Community d\u00e8s son lancement et est Directrice G\u00e9n\u00e9rale d&rsquo;HW Community. Responsable des op\u00e9rations et de la gestion financi\u00e8re, M\u00e9lanie s\u2019assure du bon suivi des investissements en supervisant la strat\u00e9gie, les process et les outils d\u00e9velopp\u00e9s. Passionn\u00e9e par le data et process management, M\u00e9lanie est toujours \u00e0 [&hellip;]","og_url":"https:\/\/hwcommunity.com\/en\/melanie-achard\/","og_site_name":"hwcommunity.com","article_modified_time":"2026-03-09T14:19:23+00:00","og_image":[{"width":483,"height":720,"url":"https:\/\/hwcommunity.com\/wp-content\/uploads\/2026\/03\/Image2.jpg","type":"image\/jpeg"}],"twitter_card":"summary_large_image","twitter_misc":{"Estimated reading time":"1 minute"},"schema":{"@context":"https:\/\/schema.org","@graph":[{"@type":"WebPage","@id":"https:\/\/hwcommunity.com\/melanie-achard\/","url":"https:\/\/hwcommunity.com\/melanie-achard\/","name":"M\u00e9lanie ACHARD - hwcommunity.com","isPartOf":{"@id":"https:\/\/hwcommunity.com\/en\/#website"},"primaryImageOfPage":{"@id":"https:\/\/hwcommunity.com\/melanie-achard\/#primaryimage"},"image":{"@id":"https:\/\/hwcommunity.com\/melanie-achard\/#primaryimage"},"thumbnailUrl":"https:\/\/hwcommunity.com\/wp-content\/uploads\/2026\/03\/Image2.jpg","datePublished":"2026-03-07T18:01:34+00:00","dateModified":"2026-03-09T14:19:23+00:00","breadcrumb":{"@id":"https:\/\/hwcommunity.com\/melanie-achard\/#breadcrumb"},"inLanguage":"en-GB","potentialAction":[{"@type":"ReadAction","target":["https:\/\/hwcommunity.com\/melanie-achard\/"]}]},{"@type":"ImageObject","inLanguage":"en-GB","@id":"https:\/\/hwcommunity.com\/melanie-achard\/#primaryimage","url":"https:\/\/hwcommunity.com\/wp-content\/uploads\/2026\/03\/Image2.jpg","contentUrl":"https:\/\/hwcommunity.com\/wp-content\/uploads\/2026\/03\/Image2.jpg"},{"@type":"BreadcrumbList","@id":"https:\/\/hwcommunity.com\/melanie-achard\/#breadcrumb","itemListElement":[{"@type":"ListItem","position":1,"name":"Home","item":"https:\/\/hwcommunity.com\/"},{"@type":"ListItem","position":2,"name":"M\u00e9lanie ACHARD"}]},{"@type":"WebSite","@id":"https:\/\/hwcommunity.com\/en\/#website","url":"https:\/\/hwcommunity.com\/en\/","name":"hwcommunity.com","description":"Humans at Works","publisher":{"@id":"https:\/\/hwcommunity.com\/en\/#organization"},"potentialAction":[{"@type":"SearchAction","target":{"@type":"EntryPoint","urlTemplate":"https:\/\/hwcommunity.com\/en\/?s={search_term_string}"},"query-input":{"@type":"PropertyValueSpecification","valueRequired":true,"valueName":"search_term_string"}}],"inLanguage":"en-GB"},{"@type":"Organization","@id":"https:\/\/hwcommunity.com\/en\/#organization","name":"HW Capital","url":"https:\/\/hwcommunity.com\/en\/","logo":{"@type":"ImageObject","inLanguage":"en-GB","@id":"https:\/\/hwcommunity.com\/en\/#\/schema\/logo\/image\/","url":"https:\/\/hwcommunity.com\/wp-content\/uploads\/2022\/10\/a.png","contentUrl":"https:\/\/hwcommunity.com\/wp-content\/uploads\/2022\/10\/a.png","width":2265,"height":1939,"caption":"HW Capital"},"image":{"@id":"https:\/\/hwcommunity.com\/en\/#\/schema\/logo\/image\/"},"sameAs":["https:\/\/www.linkedin.com\/company\/hw-capital\/?originalSubdomain=fr"]}]}},"_links":{"self":[{"href":"https:\/\/hwcommunity.com\/en\/wp-json\/wp\/v2\/pages\/6390","targetHints":{"allow":["GET"]}}],"collection":[{"href":"https:\/\/hwcommunity.com\/en\/wp-json\/wp\/v2\/pages"}],"about":[{"href":"https:\/\/hwcommunity.com\/en\/wp-json\/wp\/v2\/types\/page"}],"author":[{"embeddable":true,"href":"https:\/\/hwcommunity.com\/en\/wp-json\/wp\/v2\/users\/1"}],"replies":[{"embeddable":true,"href":"https:\/\/hwcommunity.com\/en\/wp-json\/wp\/v2\/comments?post=6390"}],"version-history":[{"count":58,"href":"https:\/\/hwcommunity.com\/en\/wp-json\/wp\/v2\/pages\/6390\/revisions"}],"predecessor-version":[{"id":7017,"href":"https:\/\/hwcommunity.com\/en\/wp-json\/wp\/v2\/pages\/6390\/revisions\/7017"}],"wp:attachment":[{"href":"https:\/\/hwcommunity.com\/en\/wp-json\/wp\/v2\/media?parent=6390"}],"curies":[{"name":"wp","href":"https:\/\/api.w.org\/{rel}","templated":true}]}}