{"id":6423,"date":"2026-03-07T18:18:05","date_gmt":"2026-03-07T18:18:05","guid":{"rendered":"https:\/\/hwcommunity.com\/?page_id=6423"},"modified":"2026-03-09T14:20:04","modified_gmt":"2026-03-09T14:20:04","slug":"cyrille-phan","status":"publish","type":"page","link":"https:\/\/hwcommunity.com\/en\/cyrille-phan\/","title":{"rendered":"Cyrille PHAN"},"content":{"rendered":"<div data-elementor-type=\"wp-page\" data-elementor-id=\"6423\" class=\"elementor elementor-6423\" data-elementor-post-type=\"page\">\n\t\t\t\t<div class=\"elementor-element elementor-element-d1e092a e-con-full e-flex e-con e-parent\" data-id=\"d1e092a\" data-element_type=\"container\" data-e-type=\"container\" data-settings=\"{&quot;background_background&quot;:&quot;classic&quot;}\">\n\t\t<div class=\"elementor-element elementor-element-6df2fd2 e-con-full e-flex e-con e-child\" data-id=\"6df2fd2\" data-element_type=\"container\" data-e-type=\"container\">\n\t\t\t\t<div class=\"elementor-element elementor-element-5ad1633 elementor-widget__width-inherit elementor-align-left js-readmore-btn elementor-widget elementor-widget-button\" data-id=\"5ad1633\" data-element_type=\"widget\" data-e-type=\"widget\" data-widget_type=\"button.default\">\n\t\t\t\t\t\t\t\t\t\t<a class=\"elementor-button elementor-button-link elementor-size-sm\" href=\"https:\/\/hwcommunity.com\/en\/notre-equipe\/\">\n\t\t\t\t\t\t<span class=\"elementor-button-content-wrapper\">\n\t\t\t\t\t\t<span class=\"elementor-button-icon\">\n\t\t\t\t<svg aria-hidden=\"true\" class=\"e-font-icon-svg e-fas-long-arrow-alt-left\" viewbox=\"0 0 448 512\" xmlns=\"http:\/\/www.w3.org\/2000\/svg\"><path d=\"M134.059 296H436c6.627 0 12-5.373 12-12v-56c0-6.627-5.373-12-12-12H134.059v-46.059c0-21.382-25.851-32.09-40.971-16.971L7.029 239.029c-9.373 9.373-9.373 24.569 0 33.941l86.059 86.059c15.119 15.119 40.971 4.411 40.971-16.971V296z\"><\/path><\/svg>\t\t\t<\/span>\n\t\t\t\t\t\t\t\t\t<span class=\"elementor-button-text\">Retour<\/span>\n\t\t\t\t\t<\/span>\n\t\t\t\t\t<\/a>\n\t\t\t\t\t\t\t\t<\/div>\n\t\t\t\t<div class=\"elementor-element elementor-element-ac637b3 elementor-widget__width-initial glass-title elementor-widget elementor-widget-heading\" data-id=\"ac637b3\" data-element_type=\"widget\" data-e-type=\"widget\" data-widget_type=\"heading.default\">\n\t\t\t\t\t<h2 class=\"elementor-heading-title elementor-size-default\">Cyrille PHAN\n\n<\/h2>\t\t\t\t<\/div>\n\t\t\t\t<div class=\"elementor-element elementor-element-79ae723 elementor-widget__width-inherit animated-slow elementor-widget elementor-widget-heading\" data-id=\"79ae723\" data-element_type=\"widget\" data-e-type=\"widget\" data-settings=\"{&quot;_animation&quot;:&quot;none&quot;}\" data-widget_type=\"heading.default\">\n\t\t\t\t\t<h2 class=\"elementor-heading-title elementor-size-default\">Associ\u00e9 fondateur<\/h2>\t\t\t\t<\/div>\n\t\t\t\t<div class=\"elementor-element elementor-element-23a999a elementor-widget__width-inherit readmore-text elementor-widget elementor-widget-text-editor\" data-id=\"23a999a\" data-element_type=\"widget\" data-e-type=\"widget\" data-widget_type=\"text-editor.default\">\n\t\t\t\t\t\t\t\t\t<p><b>Cyrille est fondateur et pr\u00e9sident d&rsquo;HW Community.<\/b><\/p><p><b>Responsable de l\u2019origination des investissements et de la dette, de l\u2019ex\u00e9cution des transactions et de la supervision de la gestion des actifs, Cyrille aime partager sa passion<\/b> <b>de l\u2019immobilier et sa capacit\u00e9 \u00e0 r\u00e9unir toutes les conditions pour cr\u00e9er des opportunit\u00e9s d\u2019investissements \u00e0 succ\u00e8s.<\/b><\/p><p>12 ans d\u2019exp\u00e9rience sur les march\u00e9s immobiliers europ\u00e9ens (France, Royaume-Uni, Allemagne et Espagne) \u00e0 des postes vari\u00e9s tout au long du cycle de vie des investissements : origination, ex\u00e9cution des transactions, gestion d\u2019actifs jusqu\u2019au d\u00e9sinvestissement.<\/p><ul><li>Transactions paneurop\u00e9ennes chez Brookfield Asset Management et Colony Capital \u00e0 Londres, Gestion d\u2019actifs chez STAM Europe, GreenOak et Alantra \u00e0 Paris et \u00e0 Londres.<\/li><\/ul><p>\u00a0<\/p><p><i>Cyrille est titulaire d\u2019un <\/i><i>MSc<\/i><i> en \u00e9conomie et finance de l\u2019immobilier de l\u2019universit\u00e9 de Paris Nanterre et d\u2019un <\/i><i>MSc<\/i><i> de la Montpellier Business <\/i><i>School<\/i><i>.<\/i><\/p>\t\t\t\t\t\t\t\t<\/div>\n\t\t\t\t<\/div>\n\t\t\t\t<div class=\"elementor-element elementor-element-cc8beb1 elementor-widget__width-initial elementor-widget elementor-widget-image\" data-id=\"cc8beb1\" data-element_type=\"widget\" data-e-type=\"widget\" data-widget_type=\"image.default\">\n\t\t\t\t\t\t\t\t\t\t\t\t\t\t\t<img fetchpriority=\"high\" decoding=\"async\" width=\"480\" height=\"720\" src=\"https:\/\/hwcommunity.com\/wp-content\/uploads\/2026\/03\/Image3.jpg\" class=\"attachment-large size-large wp-image-6896\" alt=\"\" srcset=\"https:\/\/hwcommunity.com\/wp-content\/uploads\/2026\/03\/Image3.jpg 480w, https:\/\/hwcommunity.com\/wp-content\/uploads\/2026\/03\/Image3-200x300.jpg 200w, https:\/\/hwcommunity.com\/wp-content\/uploads\/2026\/03\/Image3-8x12.jpg 8w\" sizes=\"(max-width: 480px) 100vw, 480px\" \/>\t\t\t\t\t\t\t\t\t\t\t\t\t\t\t<\/div>\n\t\t\t\t<\/div>\n\t\t\t\t<\/div>","protected":false},"excerpt":{"rendered":"<p>Retour Cyrille PHAN Associ\u00e9 fondateur Cyrille est fondateur et pr\u00e9sident d&rsquo;HW Community. Responsable de l\u2019origination des investissements et de la dette, de l\u2019ex\u00e9cution des transactions et de la supervision de la gestion des actifs, Cyrille aime partager sa passion de l\u2019immobilier et sa capacit\u00e9 \u00e0 r\u00e9unir toutes les conditions pour cr\u00e9er des opportunit\u00e9s d\u2019investissements \u00e0 [&hellip;]<\/p>\n","protected":false},"author":1,"featured_media":0,"parent":0,"menu_order":0,"comment_status":"closed","ping_status":"closed","template":"elementor_header_footer","meta":{"footnotes":""},"class_list":["post-6423","page","type-page","status-publish","hentry"],"yoast_head":"<!-- This site is optimized with the Yoast SEO plugin v27.4 - https:\/\/yoast.com\/product\/yoast-seo-wordpress\/ -->\n<title>Cyrille PHAN - hwcommunity.com<\/title>\n<meta name=\"robots\" content=\"index, follow, max-snippet:-1, max-image-preview:large, max-video-preview:-1\" \/>\n<link rel=\"canonical\" href=\"https:\/\/hwcommunity.com\/en\/cyrille-phan\/\" \/>\n<meta property=\"og:locale\" content=\"en_GB\" \/>\n<meta property=\"og:type\" content=\"article\" \/>\n<meta property=\"og:title\" content=\"Cyrille PHAN - hwcommunity.com\" \/>\n<meta property=\"og:description\" content=\"Retour Cyrille PHAN Associ\u00e9 fondateur Cyrille est fondateur et pr\u00e9sident d&rsquo;HW Community. Responsable de l\u2019origination des investissements et de la dette, de l\u2019ex\u00e9cution des transactions et de la supervision de la gestion des actifs, Cyrille aime partager sa passion de l\u2019immobilier et sa capacit\u00e9 \u00e0 r\u00e9unir toutes les conditions pour cr\u00e9er des opportunit\u00e9s d\u2019investissements \u00e0 [&hellip;]\" \/>\n<meta property=\"og:url\" content=\"https:\/\/hwcommunity.com\/en\/cyrille-phan\/\" \/>\n<meta property=\"og:site_name\" content=\"hwcommunity.com\" \/>\n<meta property=\"article:modified_time\" content=\"2026-03-09T14:20:04+00:00\" \/>\n<meta property=\"og:image\" content=\"https:\/\/hwcommunity.com\/wp-content\/uploads\/2026\/03\/Image3.jpg\" \/>\n\t<meta property=\"og:image:width\" content=\"480\" \/>\n\t<meta property=\"og:image:height\" content=\"720\" \/>\n\t<meta property=\"og:image:type\" content=\"image\/jpeg\" \/>\n<meta name=\"twitter:card\" content=\"summary_large_image\" \/>\n<meta name=\"twitter:label1\" content=\"Estimated reading time\" \/>\n\t<meta name=\"twitter:data1\" content=\"1 minute\" \/>\n<script type=\"application\/ld+json\" class=\"yoast-schema-graph\">{\"@context\":\"https:\\\/\\\/schema.org\",\"@graph\":[{\"@type\":\"WebPage\",\"@id\":\"https:\\\/\\\/hwcommunity.com\\\/cyrille-phan\\\/\",\"url\":\"https:\\\/\\\/hwcommunity.com\\\/cyrille-phan\\\/\",\"name\":\"Cyrille PHAN - hwcommunity.com\",\"isPartOf\":{\"@id\":\"https:\\\/\\\/hwcommunity.com\\\/en\\\/#website\"},\"primaryImageOfPage\":{\"@id\":\"https:\\\/\\\/hwcommunity.com\\\/cyrille-phan\\\/#primaryimage\"},\"image\":{\"@id\":\"https:\\\/\\\/hwcommunity.com\\\/cyrille-phan\\\/#primaryimage\"},\"thumbnailUrl\":\"https:\\\/\\\/hwcommunity.com\\\/wp-content\\\/uploads\\\/2026\\\/03\\\/Image3.jpg\",\"datePublished\":\"2026-03-07T18:18:05+00:00\",\"dateModified\":\"2026-03-09T14:20:04+00:00\",\"breadcrumb\":{\"@id\":\"https:\\\/\\\/hwcommunity.com\\\/cyrille-phan\\\/#breadcrumb\"},\"inLanguage\":\"en-GB\",\"potentialAction\":[{\"@type\":\"ReadAction\",\"target\":[\"https:\\\/\\\/hwcommunity.com\\\/cyrille-phan\\\/\"]}]},{\"@type\":\"ImageObject\",\"inLanguage\":\"en-GB\",\"@id\":\"https:\\\/\\\/hwcommunity.com\\\/cyrille-phan\\\/#primaryimage\",\"url\":\"https:\\\/\\\/hwcommunity.com\\\/wp-content\\\/uploads\\\/2026\\\/03\\\/Image3.jpg\",\"contentUrl\":\"https:\\\/\\\/hwcommunity.com\\\/wp-content\\\/uploads\\\/2026\\\/03\\\/Image3.jpg\"},{\"@type\":\"BreadcrumbList\",\"@id\":\"https:\\\/\\\/hwcommunity.com\\\/cyrille-phan\\\/#breadcrumb\",\"itemListElement\":[{\"@type\":\"ListItem\",\"position\":1,\"name\":\"Home\",\"item\":\"https:\\\/\\\/hwcommunity.com\\\/\"},{\"@type\":\"ListItem\",\"position\":2,\"name\":\"Cyrille PHAN\"}]},{\"@type\":\"WebSite\",\"@id\":\"https:\\\/\\\/hwcommunity.com\\\/en\\\/#website\",\"url\":\"https:\\\/\\\/hwcommunity.com\\\/en\\\/\",\"name\":\"hwcommunity.com\",\"description\":\"Humans at Works\",\"publisher\":{\"@id\":\"https:\\\/\\\/hwcommunity.com\\\/en\\\/#organization\"},\"potentialAction\":[{\"@type\":\"SearchAction\",\"target\":{\"@type\":\"EntryPoint\",\"urlTemplate\":\"https:\\\/\\\/hwcommunity.com\\\/en\\\/?s={search_term_string}\"},\"query-input\":{\"@type\":\"PropertyValueSpecification\",\"valueRequired\":true,\"valueName\":\"search_term_string\"}}],\"inLanguage\":\"en-GB\"},{\"@type\":\"Organization\",\"@id\":\"https:\\\/\\\/hwcommunity.com\\\/en\\\/#organization\",\"name\":\"HW Capital\",\"url\":\"https:\\\/\\\/hwcommunity.com\\\/en\\\/\",\"logo\":{\"@type\":\"ImageObject\",\"inLanguage\":\"en-GB\",\"@id\":\"https:\\\/\\\/hwcommunity.com\\\/en\\\/#\\\/schema\\\/logo\\\/image\\\/\",\"url\":\"https:\\\/\\\/hwcommunity.com\\\/wp-content\\\/uploads\\\/2022\\\/10\\\/a.png\",\"contentUrl\":\"https:\\\/\\\/hwcommunity.com\\\/wp-content\\\/uploads\\\/2022\\\/10\\\/a.png\",\"width\":2265,\"height\":1939,\"caption\":\"HW Capital\"},\"image\":{\"@id\":\"https:\\\/\\\/hwcommunity.com\\\/en\\\/#\\\/schema\\\/logo\\\/image\\\/\"},\"sameAs\":[\"https:\\\/\\\/www.linkedin.com\\\/company\\\/hw-capital\\\/?originalSubdomain=fr\"]}]}<\/script>\n<!-- \/ Yoast SEO plugin. -->","yoast_head_json":{"title":"Cyrille PHAN - hwcommunity.com","robots":{"index":"index","follow":"follow","max-snippet":"max-snippet:-1","max-image-preview":"max-image-preview:large","max-video-preview":"max-video-preview:-1"},"canonical":"https:\/\/hwcommunity.com\/en\/cyrille-phan\/","og_locale":"en_GB","og_type":"article","og_title":"Cyrille PHAN - hwcommunity.com","og_description":"Retour Cyrille PHAN Associ\u00e9 fondateur Cyrille est fondateur et pr\u00e9sident d&rsquo;HW Community. Responsable de l\u2019origination des investissements et de la dette, de l\u2019ex\u00e9cution des transactions et de la supervision de la gestion des actifs, Cyrille aime partager sa passion de l\u2019immobilier et sa capacit\u00e9 \u00e0 r\u00e9unir toutes les conditions pour cr\u00e9er des opportunit\u00e9s d\u2019investissements \u00e0 [&hellip;]","og_url":"https:\/\/hwcommunity.com\/en\/cyrille-phan\/","og_site_name":"hwcommunity.com","article_modified_time":"2026-03-09T14:20:04+00:00","og_image":[{"width":480,"height":720,"url":"https:\/\/hwcommunity.com\/wp-content\/uploads\/2026\/03\/Image3.jpg","type":"image\/jpeg"}],"twitter_card":"summary_large_image","twitter_misc":{"Estimated reading time":"1 minute"},"schema":{"@context":"https:\/\/schema.org","@graph":[{"@type":"WebPage","@id":"https:\/\/hwcommunity.com\/cyrille-phan\/","url":"https:\/\/hwcommunity.com\/cyrille-phan\/","name":"Cyrille PHAN - hwcommunity.com","isPartOf":{"@id":"https:\/\/hwcommunity.com\/en\/#website"},"primaryImageOfPage":{"@id":"https:\/\/hwcommunity.com\/cyrille-phan\/#primaryimage"},"image":{"@id":"https:\/\/hwcommunity.com\/cyrille-phan\/#primaryimage"},"thumbnailUrl":"https:\/\/hwcommunity.com\/wp-content\/uploads\/2026\/03\/Image3.jpg","datePublished":"2026-03-07T18:18:05+00:00","dateModified":"2026-03-09T14:20:04+00:00","breadcrumb":{"@id":"https:\/\/hwcommunity.com\/cyrille-phan\/#breadcrumb"},"inLanguage":"en-GB","potentialAction":[{"@type":"ReadAction","target":["https:\/\/hwcommunity.com\/cyrille-phan\/"]}]},{"@type":"ImageObject","inLanguage":"en-GB","@id":"https:\/\/hwcommunity.com\/cyrille-phan\/#primaryimage","url":"https:\/\/hwcommunity.com\/wp-content\/uploads\/2026\/03\/Image3.jpg","contentUrl":"https:\/\/hwcommunity.com\/wp-content\/uploads\/2026\/03\/Image3.jpg"},{"@type":"BreadcrumbList","@id":"https:\/\/hwcommunity.com\/cyrille-phan\/#breadcrumb","itemListElement":[{"@type":"ListItem","position":1,"name":"Home","item":"https:\/\/hwcommunity.com\/"},{"@type":"ListItem","position":2,"name":"Cyrille PHAN"}]},{"@type":"WebSite","@id":"https:\/\/hwcommunity.com\/en\/#website","url":"https:\/\/hwcommunity.com\/en\/","name":"hwcommunity.com","description":"Humans at Works","publisher":{"@id":"https:\/\/hwcommunity.com\/en\/#organization"},"potentialAction":[{"@type":"SearchAction","target":{"@type":"EntryPoint","urlTemplate":"https:\/\/hwcommunity.com\/en\/?s={search_term_string}"},"query-input":{"@type":"PropertyValueSpecification","valueRequired":true,"valueName":"search_term_string"}}],"inLanguage":"en-GB"},{"@type":"Organization","@id":"https:\/\/hwcommunity.com\/en\/#organization","name":"HW Capital","url":"https:\/\/hwcommunity.com\/en\/","logo":{"@type":"ImageObject","inLanguage":"en-GB","@id":"https:\/\/hwcommunity.com\/en\/#\/schema\/logo\/image\/","url":"https:\/\/hwcommunity.com\/wp-content\/uploads\/2022\/10\/a.png","contentUrl":"https:\/\/hwcommunity.com\/wp-content\/uploads\/2022\/10\/a.png","width":2265,"height":1939,"caption":"HW Capital"},"image":{"@id":"https:\/\/hwcommunity.com\/en\/#\/schema\/logo\/image\/"},"sameAs":["https:\/\/www.linkedin.com\/company\/hw-capital\/?originalSubdomain=fr"]}]}},"_links":{"self":[{"href":"https:\/\/hwcommunity.com\/en\/wp-json\/wp\/v2\/pages\/6423","targetHints":{"allow":["GET"]}}],"collection":[{"href":"https:\/\/hwcommunity.com\/en\/wp-json\/wp\/v2\/pages"}],"about":[{"href":"https:\/\/hwcommunity.com\/en\/wp-json\/wp\/v2\/types\/page"}],"author":[{"embeddable":true,"href":"https:\/\/hwcommunity.com\/en\/wp-json\/wp\/v2\/users\/1"}],"replies":[{"embeddable":true,"href":"https:\/\/hwcommunity.com\/en\/wp-json\/wp\/v2\/comments?post=6423"}],"version-history":[{"count":25,"href":"https:\/\/hwcommunity.com\/en\/wp-json\/wp\/v2\/pages\/6423\/revisions"}],"predecessor-version":[{"id":7020,"href":"https:\/\/hwcommunity.com\/en\/wp-json\/wp\/v2\/pages\/6423\/revisions\/7020"}],"wp:attachment":[{"href":"https:\/\/hwcommunity.com\/en\/wp-json\/wp\/v2\/media?parent=6423"}],"curies":[{"name":"wp","href":"https:\/\/api.w.org\/{rel}","templated":true}]}}