{"id":7502,"date":"2026-03-09T23:36:26","date_gmt":"2026-03-09T23:36:26","guid":{"rendered":"https:\/\/hwcommunity.com\/?page_id=7502"},"modified":"2026-03-10T00:04:03","modified_gmt":"2026-03-10T00:04:03","slug":"bureau-residence-etudiante-a-orly","status":"publish","type":"page","link":"https:\/\/hwcommunity.com\/en\/bureau-residence-etudiante-a-orly\/","title":{"rendered":"BUREAU \/ RESIDENCE ETUDIANTE \u00c0 ORLY"},"content":{"rendered":"<div data-elementor-type=\"wp-page\" data-elementor-id=\"7502\" class=\"elementor elementor-7502\" data-elementor-post-type=\"page\">\n\t\t\t\t<div class=\"elementor-element elementor-element-b7fb941 e-con-full e-flex e-con e-parent\" data-id=\"b7fb941\" data-element_type=\"container\" data-e-type=\"container\" data-settings=\"{&quot;background_background&quot;:&quot;classic&quot;}\">\n\t\t<div class=\"elementor-element elementor-element-f285d9f e-con-full e-flex e-con e-child\" data-id=\"f285d9f\" data-element_type=\"container\" data-e-type=\"container\">\n\t\t\t\t<div class=\"elementor-element elementor-element-fd4d64b elementor-widget__width-inherit elementor-align-left js-readmore-btn elementor-widget elementor-widget-button\" data-id=\"fd4d64b\" data-element_type=\"widget\" data-e-type=\"widget\" data-widget_type=\"button.default\">\n\t\t\t\t\t\t\t\t\t\t<a class=\"elementor-button elementor-button-link elementor-size-sm\" href=\"https:\/\/hwcommunity.com\/en\/notre-approche-2\/\">\n\t\t\t\t\t\t<span class=\"elementor-button-content-wrapper\">\n\t\t\t\t\t\t<span class=\"elementor-button-icon\">\n\t\t\t\t<svg aria-hidden=\"true\" class=\"e-font-icon-svg e-fas-long-arrow-alt-left\" viewbox=\"0 0 448 512\" xmlns=\"http:\/\/www.w3.org\/2000\/svg\"><path d=\"M134.059 296H436c6.627 0 12-5.373 12-12v-56c0-6.627-5.373-12-12-12H134.059v-46.059c0-21.382-25.851-32.09-40.971-16.971L7.029 239.029c-9.373 9.373-9.373 24.569 0 33.941l86.059 86.059c15.119 15.119 40.971 4.411 40.971-16.971V296z\"><\/path><\/svg>\t\t\t<\/span>\n\t\t\t\t\t\t\t\t\t<span class=\"elementor-button-text\">Retour<\/span>\n\t\t\t\t\t<\/span>\n\t\t\t\t\t<\/a>\n\t\t\t\t\t\t\t\t<\/div>\n\t\t\t\t<div class=\"elementor-element elementor-element-c401de7 elementor-widget__width-initial glass-title elementor-widget elementor-widget-heading\" data-id=\"c401de7\" data-element_type=\"widget\" data-e-type=\"widget\" data-widget_type=\"heading.default\">\n\t\t\t\t\t<h2 class=\"elementor-heading-title elementor-size-default\">Orly Colomb <\/h2>\t\t\t\t<\/div>\n\t\t\t\t<div class=\"elementor-element elementor-element-e4de40d elementor-widget__width-inherit animated-slow elementor-widget elementor-widget-heading\" data-id=\"e4de40d\" data-element_type=\"widget\" data-e-type=\"widget\" data-settings=\"{&quot;_animation&quot;:&quot;none&quot;}\" data-widget_type=\"heading.default\">\n\t\t\t\t\t<h2 class=\"elementor-heading-title elementor-size-default\">Pilotage int\u00e9gr\u00e9 d\u2019un ensemble immobilier hybride<\/h2>\t\t\t\t<\/div>\n\t\t\t\t<div class=\"elementor-element elementor-element-b377d96 elementor-widget__width-inherit readmore-text elementor-widget elementor-widget-text-editor\" data-id=\"b377d96\" data-element_type=\"widget\" data-e-type=\"widget\" data-widget_type=\"text-editor.default\">\n\t\t\t\t\t\t\t\t\tOptimiser la mixit\u00e9 d&rsquo;usage par une gestion globale, immobili\u00e8re et financi\u00e8re\n\t\t\t\t\t\t\t\t<\/div>\n\t\t\t\t<div class=\"elementor-element elementor-element-4a74cf1 elementor-widget__width-auto elementor-align-left js-reveal-btn elementor-widget-mobile__width-inherit elementor-widget elementor-widget-button\" data-id=\"4a74cf1\" data-element_type=\"widget\" data-e-type=\"widget\" data-widget_type=\"button.default\">\n\t\t\t\t\t\t\t\t\t\t<a class=\"elementor-button elementor-button-link elementor-size-sm\" href=\"#\">\n\t\t\t\t\t\t<span class=\"elementor-button-content-wrapper\">\n\t\t\t\t\t\t\t\t\t<span class=\"elementor-button-text\">Typologie : Bureaux \/ R\u00e9sidence \u00e9tudiante<\/span>\n\t\t\t\t\t<\/span>\n\t\t\t\t\t<\/a>\n\t\t\t\t\t\t\t\t<\/div>\n\t\t\t\t<div class=\"elementor-element elementor-element-dcb8a48 elementor-widget__width-auto elementor-align-left js-reveal-btn elementor-widget-mobile__width-inherit elementor-widget elementor-widget-button\" data-id=\"dcb8a48\" data-element_type=\"widget\" data-e-type=\"widget\" data-widget_type=\"button.default\">\n\t\t\t\t\t\t\t\t\t\t<a class=\"elementor-button elementor-button-link elementor-size-sm\" href=\"#\">\n\t\t\t\t\t\t<span class=\"elementor-button-content-wrapper\">\n\t\t\t\t\t\t\t\t\t<span class=\"elementor-button-text\">Surface : 6 000 m\u00b2<\/span>\n\t\t\t\t\t<\/span>\n\t\t\t\t\t<\/a>\n\t\t\t\t\t\t\t\t<\/div>\n\t\t\t\t<div class=\"elementor-element elementor-element-f06d2ab elementor-widget__width-initial elementor-align-left js-reveal-btn elementor-widget-mobile__width-inherit elementor-widget elementor-widget-button\" data-id=\"f06d2ab\" data-element_type=\"widget\" data-e-type=\"widget\" data-widget_type=\"button.default\">\n\t\t\t\t\t\t\t\t\t\t<a class=\"elementor-button elementor-button-link elementor-size-sm\" href=\"#\">\n\t\t\t\t\t\t<span class=\"elementor-button-content-wrapper\">\n\t\t\t\t\t\t\t\t\t<span class=\"elementor-button-text\">Localisation : Orly (Ile-de-France)<\/span>\n\t\t\t\t\t<\/span>\n\t\t\t\t\t<\/a>\n\t\t\t\t\t\t\t\t<\/div>\n\t\t<div class=\"elementor-element elementor-element-20cf782 e-con-full e-flex e-con e-child\" data-id=\"20cf782\" data-element_type=\"container\" data-e-type=\"container\">\n\t\t\t\t<div class=\"elementor-element elementor-element-9f6d828 elementor-widget__width-inherit elementor-widget elementor-widget-text-editor\" data-id=\"9f6d828\" data-element_type=\"widget\" data-e-type=\"widget\" data-widget_type=\"text-editor.default\">\n\t\t\t\t\t\t\t\t\tLa centralisation de la gestion locative, technique, financi\u00e8re et sociale \u00e9limine les \u00ab\u00a0zones d&rsquo;ombre\u00a0\u00bb op\u00e9rationnelles et stabilise le taux d&rsquo;occupation par la satisfaction locative\n\t\t\t\t\t\t\t\t<\/div>\n\t\t\t\t<\/div>\n\t\t\t\t<\/div>\n\t\t<div class=\"elementor-element elementor-element-c0f0cdb e-con-full cards-row e-flex e-con e-child\" data-id=\"c0f0cdb\" data-element_type=\"container\" data-e-type=\"container\">\n\t\t\t\t<div class=\"elementor-element elementor-element-dae9462 elementor-widget__width-initial equal-card elementor-widget elementor-widget-image-carousel\" data-id=\"dae9462\" data-element_type=\"widget\" data-e-type=\"widget\" data-settings=\"{&quot;slides_to_show&quot;:&quot;1&quot;,&quot;navigation&quot;:&quot;none&quot;,&quot;autoplay_speed&quot;:2000,&quot;autoplay&quot;:&quot;yes&quot;,&quot;pause_on_hover&quot;:&quot;yes&quot;,&quot;pause_on_interaction&quot;:&quot;yes&quot;,&quot;infinite&quot;:&quot;yes&quot;,&quot;effect&quot;:&quot;slide&quot;,&quot;speed&quot;:500}\" data-widget_type=\"image-carousel.default\">\n\t\t\t\t\t\t\t<div class=\"elementor-image-carousel-wrapper swiper\" role=\"region\" aria-roledescription=\"carousel\" aria-label=\"Image Carousel\" dir=\"ltr\">\n\t\t\t<div class=\"elementor-image-carousel swiper-wrapper swiper-image-stretch\" aria-live=\"off\">\n\t\t\t\t\t\t\t\t<div class=\"swiper-slide\" role=\"group\" aria-roledescription=\"slide\" aria-label=\"1 sur 4\"><figure class=\"swiper-slide-inner\"><img decoding=\"async\" class=\"swiper-slide-image\" src=\"https:\/\/hwcommunity.com\/wp-content\/uploads\/2026\/03\/BouvieretAssocies-ResidenceTerminal94-Linkcity-Brezillon-EpaillardMachado-02-1.png\" alt=\"Bouvier+et+Associ\u00e9s-R\u00e9sidence+Terminal+94+-+Linkcity+-+Brezillon-Epaillard+Machado-02 1\" \/><\/figure><\/div><div class=\"swiper-slide\" role=\"group\" aria-roledescription=\"slide\" aria-label=\"2 sur 4\"><figure class=\"swiper-slide-inner\"><img decoding=\"async\" class=\"swiper-slide-image\" src=\"https:\/\/hwcommunity.com\/wp-content\/uploads\/2026\/03\/BouvieretAssocies-ResidenceTerminal94-Linkcity-Brezillon-EpaillardMachado-04-1.png\" alt=\"Bouvier+et+Associ\u00e9s-R\u00e9sidence+Terminal+94+-+Linkcity+-+Brezillon-Epaillard+Machado-04 1\" \/><\/figure><\/div><div class=\"swiper-slide\" role=\"group\" aria-roledescription=\"slide\" aria-label=\"3 sur 4\"><figure class=\"swiper-slide-inner\"><img decoding=\"async\" class=\"swiper-slide-image\" src=\"https:\/\/hwcommunity.com\/wp-content\/uploads\/2026\/03\/BouvieretAssocies-ResidenceTerminal94-Linkcity-Brezillon-EpaillardMachado-05-1.png\" alt=\"Bouvier+et+Associ\u00e9s-R\u00e9sidence+Terminal+94+-+Linkcity+-+Brezillon-Epaillard+Machado-05 1\" \/><\/figure><\/div><div class=\"swiper-slide\" role=\"group\" aria-roledescription=\"slide\" aria-label=\"4 sur 4\"><figure class=\"swiper-slide-inner\"><img decoding=\"async\" class=\"swiper-slide-image\" src=\"https:\/\/hwcommunity.com\/wp-content\/uploads\/2026\/03\/BouvieretAssocies-ResidenceTerminal94-Linkcity-Brezillon-EpaillardMachado-07-1.png\" alt=\"Bouvier+et+Associ\u00e9s-R\u00e9sidence+Terminal+94+-+Linkcity+-+Brezillon-Epaillard+Machado-07 1\" \/><\/figure><\/div>\t\t\t<\/div>\n\t\t\t\t\t\t\t\n\t\t\t\t\t\t\t\t\t<\/div>\n\t\t\t\t\t\t<\/div>\n\t\t<div class=\"elementor-element elementor-element-1d66965 e-con-full equal-card e-flex e-con e-child\" data-id=\"1d66965\" data-element_type=\"container\" data-e-type=\"container\" data-settings=\"{&quot;background_background&quot;:&quot;classic&quot;}\">\n\t\t\t\t<div class=\"elementor-element elementor-element-7303cff elementor-widget__width-inherit animated-slow elementor-widget elementor-widget-heading\" data-id=\"7303cff\" data-element_type=\"widget\" data-e-type=\"widget\" data-settings=\"{&quot;_animation&quot;:&quot;none&quot;}\" data-widget_type=\"heading.default\">\n\t\t\t\t\t<h2 class=\"elementor-heading-title elementor-size-default\">NOTRE MOTEUR OP\u00c9RATIONNEL<\/h2>\t\t\t\t<\/div>\n\t\t<div class=\"elementor-element elementor-element-1885587 e-con-full e-flex e-con e-child\" data-id=\"1885587\" data-element_type=\"container\" data-e-type=\"container\" data-settings=\"{&quot;background_background&quot;:&quot;classic&quot;}\">\n\t\t\t\t<div class=\"elementor-element elementor-element-37f9b25 elementor-widget__width-initial elementor-widget elementor-widget-image\" data-id=\"37f9b25\" data-element_type=\"widget\" data-e-type=\"widget\" data-widget_type=\"image.default\">\n\t\t\t\t\t\t\t\t\t\t\t\t\t\t\t<img fetchpriority=\"high\" decoding=\"async\" width=\"500\" height=\"500\" src=\"https:\/\/hwcommunity.com\/wp-content\/uploads\/2026\/03\/Group-4.png\" class=\"attachment-large size-large wp-image-6136\" alt=\"\" srcset=\"https:\/\/hwcommunity.com\/wp-content\/uploads\/2026\/03\/Group-4.png 500w, https:\/\/hwcommunity.com\/wp-content\/uploads\/2026\/03\/Group-4-300x300.png 300w, https:\/\/hwcommunity.com\/wp-content\/uploads\/2026\/03\/Group-4-150x150.png 150w, https:\/\/hwcommunity.com\/wp-content\/uploads\/2026\/03\/Group-4-12x12.png 12w\" sizes=\"(max-width: 500px) 100vw, 500px\" \/>\t\t\t\t\t\t\t\t\t\t\t\t\t\t\t<\/div>\n\t\t\t\t<div class=\"elementor-element elementor-element-6117e08 elementor-widget__width-initial elementor-widget-mobile__width-inherit elementor-widget elementor-widget-heading\" data-id=\"6117e08\" data-element_type=\"widget\" data-e-type=\"widget\" data-widget_type=\"heading.default\">\n\t\t\t\t\t<h2 class=\"elementor-heading-title elementor-size-default\">PROPERTY ASSET MANAGEMENT<\/h2>\t\t\t\t<\/div>\n\t\t\t\t<div class=\"elementor-element elementor-element-56a3ba2 elementor-widget__width-inherit elementor-widget elementor-widget-text-editor\" data-id=\"56a3ba2\" data-element_type=\"widget\" data-e-type=\"widget\" data-widget_type=\"text-editor.default\">\n\t\t\t\t\t\t\t\t\t<p>Maintien du patrimoine :\u00a0audit et plan de maintenance proactif pour pr\u00e9server la valeur patrimoniale.<\/p><p>Optimisation des flux :\u00a0Rationalisation des charges communes et privatives pour garantir l&rsquo;\u00e9quit\u00e9 et la rentabilit\u00e9.<\/p>\t\t\t\t\t\t\t\t<\/div>\n\t\t\t\t<\/div>\n\t\t<div class=\"elementor-element elementor-element-e71285e e-con-full e-flex e-con e-child\" data-id=\"e71285e\" data-element_type=\"container\" data-e-type=\"container\" data-settings=\"{&quot;background_background&quot;:&quot;classic&quot;}\">\n\t\t\t\t<div class=\"elementor-element elementor-element-d5f0ba8 elementor-widget__width-initial elementor-widget elementor-widget-image\" data-id=\"d5f0ba8\" data-element_type=\"widget\" data-e-type=\"widget\" data-widget_type=\"image.default\">\n\t\t\t\t\t\t\t\t\t\t\t\t\t\t\t<img decoding=\"async\" width=\"500\" height=\"500\" src=\"https:\/\/hwcommunity.com\/wp-content\/uploads\/2026\/03\/Group-6.png\" class=\"attachment-large size-large wp-image-6138\" alt=\"\" srcset=\"https:\/\/hwcommunity.com\/wp-content\/uploads\/2026\/03\/Group-6.png 500w, https:\/\/hwcommunity.com\/wp-content\/uploads\/2026\/03\/Group-6-300x300.png 300w, https:\/\/hwcommunity.com\/wp-content\/uploads\/2026\/03\/Group-6-150x150.png 150w, https:\/\/hwcommunity.com\/wp-content\/uploads\/2026\/03\/Group-6-12x12.png 12w\" sizes=\"(max-width: 500px) 100vw, 500px\" \/>\t\t\t\t\t\t\t\t\t\t\t\t\t\t\t<\/div>\n\t\t\t\t<div class=\"elementor-element elementor-element-95deab4 elementor-widget__width-initial elementor-widget-mobile__width-inherit elementor-widget elementor-widget-heading\" data-id=\"95deab4\" data-element_type=\"widget\" data-e-type=\"widget\" data-widget_type=\"heading.default\">\n\t\t\t\t\t<h2 class=\"elementor-heading-title elementor-size-default\">Pilotage Social &amp; Financier\n<\/h2>\t\t\t\t<\/div>\n\t\t\t\t<div class=\"elementor-element elementor-element-0ce4458 elementor-widget__width-inherit elementor-widget elementor-widget-text-editor\" data-id=\"0ce4458\" data-element_type=\"widget\" data-e-type=\"widget\" data-widget_type=\"text-editor.default\">\n\t\t\t\t\t\t\t\t\tGestion administrative \u00ab\u00a0z\u00e9ro d\u00e9faut\u00a0\u00bb de la soci\u00e9t\u00e9 d\u00e9tentrice, assurant une transparence totale et une conformit\u00e9 aux standards des investisseurs institutionnels.\t\t\t\t\t\t\t\t<\/div>\n\t\t\t\t<\/div>\n\t\t\t\t<\/div>\n\t\t<div class=\"elementor-element elementor-element-6bd86a3 e-con-full equal-card e-flex e-con e-child\" data-id=\"6bd86a3\" data-element_type=\"container\" data-e-type=\"container\" data-settings=\"{&quot;background_background&quot;:&quot;classic&quot;}\">\n\t\t\t\t<div class=\"elementor-element elementor-element-c2104fc elementor-widget__width-inherit animated-slow elementor-widget elementor-widget-heading\" data-id=\"c2104fc\" data-element_type=\"widget\" data-e-type=\"widget\" data-settings=\"{&quot;_animation&quot;:&quot;none&quot;}\" data-widget_type=\"heading.default\">\n\t\t\t\t\t<h2 class=\"elementor-heading-title elementor-size-default\">LE DOUBLE LEVIER\nDE SATISFACTION<\/h2>\t\t\t\t<\/div>\n\t\t\t\t<div class=\"elementor-element elementor-element-76aba4b elementor-widget__width-inherit elementor-widget elementor-widget-heading\" data-id=\"76aba4b\" data-element_type=\"widget\" data-e-type=\"widget\" data-widget_type=\"heading.default\">\n\t\t\t\t\t<h2 class=\"elementor-heading-title elementor-size-default\">C\u00d4T\u00c9 INVESTISSEURS<\/h2>\t\t\t\t<\/div>\n\t\t\t\t<div class=\"elementor-element elementor-element-1cc9294 elementor-widget__width-inherit elementor-widget elementor-widget-text-editor\" data-id=\"1cc9294\" data-element_type=\"widget\" data-e-type=\"widget\" data-widget_type=\"text-editor.default\">\n\t\t\t\t\t\t\t\t\tUne vision consolid\u00e9e permettant \u00e0 l&rsquo;investisseur de piloter son actif en b\u00e9n\u00e9ficiant d\u2019une transparence totale sur les actions en cours et les flux financiers.\t\t\t\t\t\t\t\t<\/div>\n\t\t\t\t<div class=\"elementor-element elementor-element-fd0e96d elementor-widget__width-inherit elementor-widget elementor-widget-heading\" data-id=\"fd0e96d\" data-element_type=\"widget\" data-e-type=\"widget\" data-widget_type=\"heading.default\">\n\t\t\t\t\t<h2 class=\"elementor-heading-title elementor-size-default\">C\u00d4T\u00c9 LOCATAIRES<\/h2>\t\t\t\t<\/div>\n\t\t\t\t<div class=\"elementor-element elementor-element-18f03d9 elementor-widget__width-inherit elementor-widget elementor-widget-text-editor\" data-id=\"18f03d9\" data-element_type=\"widget\" data-e-type=\"widget\" data-widget_type=\"text-editor.default\">\n\t\t\t\t\t\t\t\t\tUn \u00ab\u00a0guichet unique\u00a0\u00bb permettant une r\u00e9activit\u00e9 imm\u00e9diate pour tous les besoins de gestion courante.\t\t\t\t\t\t\t\t<\/div>\n\t\t\t\t<\/div>\n\t\t\t\t<\/div>\n\t\t\t\t<\/div>\n\t\t\t\t<\/div>","protected":false},"excerpt":{"rendered":"<p>Retour Orly Colomb Pilotage int\u00e9gr\u00e9 d\u2019un ensemble immobilier hybride Optimiser la mixit\u00e9 d&rsquo;usage par une gestion globale, immobili\u00e8re et financi\u00e8re Typologie : Bureaux \/ R\u00e9sidence \u00e9tudiante Surface : 6 000 m\u00b2 Localisation : Orly (Ile-de-France) La centralisation de la gestion locative, technique, financi\u00e8re et sociale \u00e9limine les \u00ab\u00a0zones d&rsquo;ombre\u00a0\u00bb op\u00e9rationnelles et stabilise le taux d&rsquo;occupation [&hellip;]<\/p>\n","protected":false},"author":1,"featured_media":0,"parent":0,"menu_order":0,"comment_status":"closed","ping_status":"closed","template":"elementor_header_footer","meta":{"footnotes":""},"class_list":["post-7502","page","type-page","status-publish","hentry"],"yoast_head":"<!-- This site is optimized with the Yoast SEO plugin v27.5 - https:\/\/yoast.com\/product\/yoast-seo-wordpress\/ -->\n<title>BUREAU \/ RESIDENCE ETUDIANTE \u00c0 ORLY - hwcommunity.com<\/title>\n<meta name=\"robots\" content=\"index, follow, max-snippet:-1, max-image-preview:large, max-video-preview:-1\" \/>\n<link rel=\"canonical\" href=\"https:\/\/hwcommunity.com\/en\/bureau-residence-etudiante-a-orly\/\" \/>\n<meta property=\"og:locale\" content=\"en_GB\" \/>\n<meta property=\"og:type\" content=\"article\" \/>\n<meta property=\"og:title\" content=\"BUREAU \/ RESIDENCE ETUDIANTE \u00c0 ORLY - hwcommunity.com\" \/>\n<meta property=\"og:description\" content=\"Retour Orly Colomb Pilotage int\u00e9gr\u00e9 d\u2019un ensemble immobilier hybride Optimiser la mixit\u00e9 d&rsquo;usage par une gestion globale, immobili\u00e8re et financi\u00e8re Typologie : Bureaux \/ R\u00e9sidence \u00e9tudiante Surface : 6 000 m\u00b2 Localisation : Orly (Ile-de-France) La centralisation de la gestion locative, technique, financi\u00e8re et sociale \u00e9limine les \u00ab\u00a0zones d&rsquo;ombre\u00a0\u00bb op\u00e9rationnelles et stabilise le taux d&rsquo;occupation [&hellip;]\" \/>\n<meta property=\"og:url\" content=\"https:\/\/hwcommunity.com\/en\/bureau-residence-etudiante-a-orly\/\" \/>\n<meta property=\"og:site_name\" content=\"hwcommunity.com\" \/>\n<meta property=\"article:modified_time\" content=\"2026-03-10T00:04:03+00:00\" \/>\n<meta property=\"og:image\" content=\"https:\/\/hwcommunity.com\/wp-content\/uploads\/2026\/03\/BouvieretAssocies-ResidenceTerminal94-Linkcity-Brezillon-EpaillardMachado-02-1.png\" \/>\n<meta name=\"twitter:card\" content=\"summary_large_image\" \/>\n<meta name=\"twitter:label1\" content=\"Estimated reading time\" \/>\n\t<meta name=\"twitter:data1\" content=\"2 minutes\" \/>\n<script type=\"application\/ld+json\" class=\"yoast-schema-graph\">{\"@context\":\"https:\\\/\\\/schema.org\",\"@graph\":[{\"@type\":\"WebPage\",\"@id\":\"https:\\\/\\\/hwcommunity.com\\\/bureau-residence-etudiante-a-orly\\\/\",\"url\":\"https:\\\/\\\/hwcommunity.com\\\/bureau-residence-etudiante-a-orly\\\/\",\"name\":\"BUREAU \\\/ RESIDENCE ETUDIANTE \u00c0 ORLY - hwcommunity.com\",\"isPartOf\":{\"@id\":\"https:\\\/\\\/hwcommunity.com\\\/en\\\/#website\"},\"primaryImageOfPage\":{\"@id\":\"https:\\\/\\\/hwcommunity.com\\\/bureau-residence-etudiante-a-orly\\\/#primaryimage\"},\"image\":{\"@id\":\"https:\\\/\\\/hwcommunity.com\\\/bureau-residence-etudiante-a-orly\\\/#primaryimage\"},\"thumbnailUrl\":\"https:\\\/\\\/hwcommunity.com\\\/wp-content\\\/uploads\\\/2026\\\/03\\\/BouvieretAssocies-ResidenceTerminal94-Linkcity-Brezillon-EpaillardMachado-02-1.png\",\"datePublished\":\"2026-03-09T23:36:26+00:00\",\"dateModified\":\"2026-03-10T00:04:03+00:00\",\"breadcrumb\":{\"@id\":\"https:\\\/\\\/hwcommunity.com\\\/bureau-residence-etudiante-a-orly\\\/#breadcrumb\"},\"inLanguage\":\"en-GB\",\"potentialAction\":[{\"@type\":\"ReadAction\",\"target\":[\"https:\\\/\\\/hwcommunity.com\\\/bureau-residence-etudiante-a-orly\\\/\"]}]},{\"@type\":\"ImageObject\",\"inLanguage\":\"en-GB\",\"@id\":\"https:\\\/\\\/hwcommunity.com\\\/bureau-residence-etudiante-a-orly\\\/#primaryimage\",\"url\":\"https:\\\/\\\/hwcommunity.com\\\/wp-content\\\/uploads\\\/2026\\\/03\\\/BouvieretAssocies-ResidenceTerminal94-Linkcity-Brezillon-EpaillardMachado-02-1.png\",\"contentUrl\":\"https:\\\/\\\/hwcommunity.com\\\/wp-content\\\/uploads\\\/2026\\\/03\\\/BouvieretAssocies-ResidenceTerminal94-Linkcity-Brezillon-EpaillardMachado-02-1.png\"},{\"@type\":\"BreadcrumbList\",\"@id\":\"https:\\\/\\\/hwcommunity.com\\\/bureau-residence-etudiante-a-orly\\\/#breadcrumb\",\"itemListElement\":[{\"@type\":\"ListItem\",\"position\":1,\"name\":\"Home\",\"item\":\"https:\\\/\\\/hwcommunity.com\\\/\"},{\"@type\":\"ListItem\",\"position\":2,\"name\":\"BUREAU \\\/ RESIDENCE ETUDIANTE \u00c0 ORLY\"}]},{\"@type\":\"WebSite\",\"@id\":\"https:\\\/\\\/hwcommunity.com\\\/en\\\/#website\",\"url\":\"https:\\\/\\\/hwcommunity.com\\\/en\\\/\",\"name\":\"hwcommunity.com\",\"description\":\"Humans at Works\",\"publisher\":{\"@id\":\"https:\\\/\\\/hwcommunity.com\\\/en\\\/#organization\"},\"potentialAction\":[{\"@type\":\"SearchAction\",\"target\":{\"@type\":\"EntryPoint\",\"urlTemplate\":\"https:\\\/\\\/hwcommunity.com\\\/en\\\/?s={search_term_string}\"},\"query-input\":{\"@type\":\"PropertyValueSpecification\",\"valueRequired\":true,\"valueName\":\"search_term_string\"}}],\"inLanguage\":\"en-GB\"},{\"@type\":\"Organization\",\"@id\":\"https:\\\/\\\/hwcommunity.com\\\/en\\\/#organization\",\"name\":\"HW Capital\",\"url\":\"https:\\\/\\\/hwcommunity.com\\\/en\\\/\",\"logo\":{\"@type\":\"ImageObject\",\"inLanguage\":\"en-GB\",\"@id\":\"https:\\\/\\\/hwcommunity.com\\\/en\\\/#\\\/schema\\\/logo\\\/image\\\/\",\"url\":\"https:\\\/\\\/hwcommunity.com\\\/wp-content\\\/uploads\\\/2022\\\/10\\\/a.png\",\"contentUrl\":\"https:\\\/\\\/hwcommunity.com\\\/wp-content\\\/uploads\\\/2022\\\/10\\\/a.png\",\"width\":2265,\"height\":1939,\"caption\":\"HW Capital\"},\"image\":{\"@id\":\"https:\\\/\\\/hwcommunity.com\\\/en\\\/#\\\/schema\\\/logo\\\/image\\\/\"},\"sameAs\":[\"https:\\\/\\\/www.linkedin.com\\\/company\\\/hw-capital\\\/?originalSubdomain=fr\"]}]}<\/script>\n<!-- \/ Yoast SEO plugin. -->","yoast_head_json":{"title":"BUREAU \/ RESIDENCE ETUDIANTE \u00c0 ORLY - hwcommunity.com","robots":{"index":"index","follow":"follow","max-snippet":"max-snippet:-1","max-image-preview":"max-image-preview:large","max-video-preview":"max-video-preview:-1"},"canonical":"https:\/\/hwcommunity.com\/en\/bureau-residence-etudiante-a-orly\/","og_locale":"en_GB","og_type":"article","og_title":"BUREAU \/ RESIDENCE ETUDIANTE \u00c0 ORLY - hwcommunity.com","og_description":"Retour Orly Colomb Pilotage int\u00e9gr\u00e9 d\u2019un ensemble immobilier hybride Optimiser la mixit\u00e9 d&rsquo;usage par une gestion globale, immobili\u00e8re et financi\u00e8re Typologie : Bureaux \/ R\u00e9sidence \u00e9tudiante Surface : 6 000 m\u00b2 Localisation : Orly (Ile-de-France) La centralisation de la gestion locative, technique, financi\u00e8re et sociale \u00e9limine les \u00ab\u00a0zones d&rsquo;ombre\u00a0\u00bb op\u00e9rationnelles et stabilise le taux d&rsquo;occupation [&hellip;]","og_url":"https:\/\/hwcommunity.com\/en\/bureau-residence-etudiante-a-orly\/","og_site_name":"hwcommunity.com","article_modified_time":"2026-03-10T00:04:03+00:00","og_image":[{"url":"https:\/\/hwcommunity.com\/wp-content\/uploads\/2026\/03\/BouvieretAssocies-ResidenceTerminal94-Linkcity-Brezillon-EpaillardMachado-02-1.png","type":"","width":"","height":""}],"twitter_card":"summary_large_image","twitter_misc":{"Estimated reading time":"2 minutes"},"schema":{"@context":"https:\/\/schema.org","@graph":[{"@type":"WebPage","@id":"https:\/\/hwcommunity.com\/bureau-residence-etudiante-a-orly\/","url":"https:\/\/hwcommunity.com\/bureau-residence-etudiante-a-orly\/","name":"BUREAU \/ RESIDENCE ETUDIANTE \u00c0 ORLY - hwcommunity.com","isPartOf":{"@id":"https:\/\/hwcommunity.com\/en\/#website"},"primaryImageOfPage":{"@id":"https:\/\/hwcommunity.com\/bureau-residence-etudiante-a-orly\/#primaryimage"},"image":{"@id":"https:\/\/hwcommunity.com\/bureau-residence-etudiante-a-orly\/#primaryimage"},"thumbnailUrl":"https:\/\/hwcommunity.com\/wp-content\/uploads\/2026\/03\/BouvieretAssocies-ResidenceTerminal94-Linkcity-Brezillon-EpaillardMachado-02-1.png","datePublished":"2026-03-09T23:36:26+00:00","dateModified":"2026-03-10T00:04:03+00:00","breadcrumb":{"@id":"https:\/\/hwcommunity.com\/bureau-residence-etudiante-a-orly\/#breadcrumb"},"inLanguage":"en-GB","potentialAction":[{"@type":"ReadAction","target":["https:\/\/hwcommunity.com\/bureau-residence-etudiante-a-orly\/"]}]},{"@type":"ImageObject","inLanguage":"en-GB","@id":"https:\/\/hwcommunity.com\/bureau-residence-etudiante-a-orly\/#primaryimage","url":"https:\/\/hwcommunity.com\/wp-content\/uploads\/2026\/03\/BouvieretAssocies-ResidenceTerminal94-Linkcity-Brezillon-EpaillardMachado-02-1.png","contentUrl":"https:\/\/hwcommunity.com\/wp-content\/uploads\/2026\/03\/BouvieretAssocies-ResidenceTerminal94-Linkcity-Brezillon-EpaillardMachado-02-1.png"},{"@type":"BreadcrumbList","@id":"https:\/\/hwcommunity.com\/bureau-residence-etudiante-a-orly\/#breadcrumb","itemListElement":[{"@type":"ListItem","position":1,"name":"Home","item":"https:\/\/hwcommunity.com\/"},{"@type":"ListItem","position":2,"name":"BUREAU \/ RESIDENCE ETUDIANTE \u00c0 ORLY"}]},{"@type":"WebSite","@id":"https:\/\/hwcommunity.com\/en\/#website","url":"https:\/\/hwcommunity.com\/en\/","name":"hwcommunity.com","description":"Humans at Works","publisher":{"@id":"https:\/\/hwcommunity.com\/en\/#organization"},"potentialAction":[{"@type":"SearchAction","target":{"@type":"EntryPoint","urlTemplate":"https:\/\/hwcommunity.com\/en\/?s={search_term_string}"},"query-input":{"@type":"PropertyValueSpecification","valueRequired":true,"valueName":"search_term_string"}}],"inLanguage":"en-GB"},{"@type":"Organization","@id":"https:\/\/hwcommunity.com\/en\/#organization","name":"HW Capital","url":"https:\/\/hwcommunity.com\/en\/","logo":{"@type":"ImageObject","inLanguage":"en-GB","@id":"https:\/\/hwcommunity.com\/en\/#\/schema\/logo\/image\/","url":"https:\/\/hwcommunity.com\/wp-content\/uploads\/2022\/10\/a.png","contentUrl":"https:\/\/hwcommunity.com\/wp-content\/uploads\/2022\/10\/a.png","width":2265,"height":1939,"caption":"HW Capital"},"image":{"@id":"https:\/\/hwcommunity.com\/en\/#\/schema\/logo\/image\/"},"sameAs":["https:\/\/www.linkedin.com\/company\/hw-capital\/?originalSubdomain=fr"]}]}},"_links":{"self":[{"href":"https:\/\/hwcommunity.com\/en\/wp-json\/wp\/v2\/pages\/7502","targetHints":{"allow":["GET"]}}],"collection":[{"href":"https:\/\/hwcommunity.com\/en\/wp-json\/wp\/v2\/pages"}],"about":[{"href":"https:\/\/hwcommunity.com\/en\/wp-json\/wp\/v2\/types\/page"}],"author":[{"embeddable":true,"href":"https:\/\/hwcommunity.com\/en\/wp-json\/wp\/v2\/users\/1"}],"replies":[{"embeddable":true,"href":"https:\/\/hwcommunity.com\/en\/wp-json\/wp\/v2\/comments?post=7502"}],"version-history":[{"count":7,"href":"https:\/\/hwcommunity.com\/en\/wp-json\/wp\/v2\/pages\/7502\/revisions"}],"predecessor-version":[{"id":7536,"href":"https:\/\/hwcommunity.com\/en\/wp-json\/wp\/v2\/pages\/7502\/revisions\/7536"}],"wp:attachment":[{"href":"https:\/\/hwcommunity.com\/en\/wp-json\/wp\/v2\/media?parent=7502"}],"curies":[{"name":"wp","href":"https:\/\/api.w.org\/{rel}","templated":true}]}}